{"id":80,"date":"2023-01-25T09:48:32","date_gmt":"2023-01-25T09:48:32","guid":{"rendered":"https:\/\/adaptabc.es\/?page_id=80"},"modified":"2023-03-09T10:50:16","modified_gmt":"2023-03-09T10:50:16","slug":"diagnostico-digital","status":"publish","type":"page","link":"https:\/\/adaptabc.es\/en\/diagnostico-digital","title":{"rendered":"Diagnostic Investments"},"content":{"rendered":"<p>[et_pb_section fb_built=\u00bb1&#8243; _builder_version=\u00bb4.19.4&#8243; _module_preset=\u00bbdefault\u00bb global_colors_info=\u00bb{}\u00bb][et_pb_row _builder_version=\u00bb4.19.4&#8243; _module_preset=\u00bbdefault\u00bb global_colors_info=\u00bb{}\u00bb][et_pb_column type=\u00bb4_4&#8243; _builder_version=\u00bb4.19.4&#8243; _module_preset=\u00bbdefault\u00bb global_colors_info=\u00bb{}\u00bb][et_pb_text _builder_version=\u00bb4.19.4&#8243; _module_preset=\u00bbdefault\u00bb text_font=\u00bbAbel||||||||\u00bb text_font_size=\u00bb18px\u00bb header_font=\u00bbAbel|700||on|||||\u00bb header_text_color=\u00bb#ee7200&#8243; global_colors_info=\u00bb{}\u00bb]<\/p>\n<h1>Diagn\u00f3stico de Financiaci\u00f3n<\/h1>\n<p>Con \u00e9ste formulario podremos dise\u00f1ar tu hoja de ruta para tus inversiones a realizar.<\/p>\n<p>[\/et_pb_text][\/et_pb_column][\/et_pb_row][et_pb_row _builder_version=\u00bb4.19.4&#8243; _module_preset=\u00bbdefault\u00bb width=\u00bb57%\u00bb global_colors_info=\u00bb{}\u00bb][et_pb_column type=\u00bb4_4&#8243; _builder_version=\u00bb4.19.4&#8243; _module_preset=\u00bbdefault\u00bb global_colors_info=\u00bb{}\u00bb][et_pb_contact_form captcha=\u00bboff\u00bb email=\u00bbinfo@adaptabc.es\u00bb custom_message=\u00bbDIAGN\u00d3STICO WEB:||et_pb_line_break_holder||%%Name%%||et_pb_line_break_holder||%%Email%%||et_pb_line_break_holder||%%tlf%%||et_pb_line_break_holder||a\u00f1o de fundaci\u00f3n: %%a_fundacion%%||et_pb_line_break_holder||Tipoe EMpresa: %%tipo_e%%||et_pb_line_break_holder||N\u00ba de trabajadores: %%Trabajadores_ajena%%||et_pb_line_break_holder||Domicilio Social: %%domicilio_social%%||et_pb_line_break_holder||Centro de trabajo: %%centro_tra%%||et_pb_line_break_holder||CNAE: %%cnae%%||et_pb_line_break_holder||Facturaci\u00f3n: %%facturacion%%||et_pb_line_break_holder||Inversiones anteriores: %%inversion_ant%%||et_pb_line_break_holder||Otras inversiones: %%inversion_otras%%||et_pb_line_break_holder||Inversones Tecnologica: %%inversion_tec_2023%%||et_pb_line_break_holder||Otras inversones: %%inversion_otras_2023%%||et_pb_line_break_holder||Contrataciones 2023 : %%contrata_2023%%||et_pb_line_break_holder||Otras ayudas: %%otras_ayudas%%\u00bb success_message=\u00bbMuchas gracias por su email\u00bb _builder_version=\u00bb4.20.1&#8243; _module_preset=\u00bbdefault\u00bb _unique_id=\u00bb0aab82a7-c538-46d3-bccc-b1049ab91309&#8243; custom_button=\u00bbon\u00bb button_text_color=\u00bb#ee7200&#8243; module_alignment=\u00bbleft\u00bb hover_enabled=\u00bb0&#8243; global_colors_info=\u00bb{}\u00bb sticky_enabled=\u00bb0&#8243;][et_pb_contact_field field_id=\u00bbName\u00bb field_title=\u00bbNombre\u00bb _builder_version=\u00bb4.19.4&#8243; global_colors_info=\u00bb{}\u00bb button_text_size__hover_enabled=\u00bboff\u00bb button_one_text_size__hover_enabled=\u00bboff\u00bb button_two_text_size__hover_enabled=\u00bboff\u00bb button_text_color__hover_enabled=\u00bboff\u00bb button_one_text_color__hover_enabled=\u00bboff\u00bb button_two_text_color__hover_enabled=\u00bboff\u00bb button_border_width__hover_enabled=\u00bboff\u00bb button_one_border_width__hover_enabled=\u00bboff\u00bb button_two_border_width__hover_enabled=\u00bboff\u00bb button_border_color__hover_enabled=\u00bboff\u00bb button_one_border_color__hover_enabled=\u00bboff\u00bb button_two_border_color__hover_enabled=\u00bboff\u00bb button_border_radius__hover_enabled=\u00bboff\u00bb button_one_border_radius__hover_enabled=\u00bboff\u00bb button_two_border_radius__hover_enabled=\u00bboff\u00bb button_letter_spacing__hover_enabled=\u00bboff\u00bb button_one_letter_spacing__hover_enabled=\u00bboff\u00bb button_two_letter_spacing__hover_enabled=\u00bboff\u00bb button_bg_color__hover_enabled=\u00bboff\u00bb button_one_bg_color__hover_enabled=\u00bboff\u00bb button_two_bg_color__hover_enabled=\u00bboff\u00bb][\/et_pb_contact_field][et_pb_contact_field field_id=\u00bbEmail\u00bb field_title=\u00bbDirecci\u00f3n de correo electr\u00f3nico\u00bb field_type=\u00bbemail\u00bb _builder_version=\u00bb4.16&#8243; global_colors_info=\u00bb{}\u00bb button_text_size__hover_enabled=\u00bboff\u00bb button_one_text_size__hover_enabled=\u00bboff\u00bb button_two_text_size__hover_enabled=\u00bboff\u00bb button_text_color__hover_enabled=\u00bboff\u00bb button_one_text_color__hover_enabled=\u00bboff\u00bb button_two_text_color__hover_enabled=\u00bboff\u00bb button_border_width__hover_enabled=\u00bboff\u00bb button_one_border_width__hover_enabled=\u00bboff\u00bb button_two_border_width__hover_enabled=\u00bboff\u00bb button_border_color__hover_enabled=\u00bboff\u00bb button_one_border_color__hover_enabled=\u00bboff\u00bb button_two_border_color__hover_enabled=\u00bboff\u00bb button_border_radius__hover_enabled=\u00bboff\u00bb button_one_border_radius__hover_enabled=\u00bboff\u00bb button_two_border_radius__hover_enabled=\u00bboff\u00bb button_letter_spacing__hover_enabled=\u00bboff\u00bb button_one_letter_spacing__hover_enabled=\u00bboff\u00bb button_two_letter_spacing__hover_enabled=\u00bboff\u00bb button_bg_color__hover_enabled=\u00bboff\u00bb button_one_bg_color__hover_enabled=\u00bboff\u00bb button_two_bg_color__hover_enabled=\u00bboff\u00bb][\/et_pb_contact_field][et_pb_contact_field field_id=\u00bbtlf\u00bb field_title=\u00bbTel\u00e9fono\u00bb min_length=\u00bb6&#8243; max_length=\u00bb13&#8243; _builder_version=\u00bb4.19.4&#8243; _module_preset=\u00bbdefault\u00bb global_colors_info=\u00bb{}\u00bb][\/et_pb_contact_field][et_pb_contact_field field_id=\u00bba_fundacion\u00bb field_title=\u00bbA\u00f1os de actividad\u00bb field_type=\u00bbselect\u00bb select_options=\u00bb%91{%22value%22:%22\u00daltimo a\u00f1o%22,%22checked%22:0,%22dragID%22:-1},{%22value%22:%221 &#8211; 3 a\u00f1os%22,%22checked%22:0,%22dragID%22:0},{%22value%22:%22m\u00e1s de 3 a\u00f1os%22,%22checked%22:0,%22dragID%22:1}%93&#8243; _builder_version=\u00bb4.19.4&#8243; _module_preset=\u00bbdefault\u00bb global_colors_info=\u00bb{}\u00bb][\/et_pb_contact_field][et_pb_contact_field field_id=\u00bbtipo_e\u00bb field_title=\u00bbTipo de Empresa\u00bb field_type=\u00bbselect\u00bb select_options=\u00bb%91{%22value%22:%22Aut\u00f3nomo%22,%22checked%22:0,%22dragID%22:-1},{%22value%22:%22Sociedad Limitada%22,%22checked%22:0,%22dragID%22:0},{%22value%22:%22Sociedad An\u00f3nima%22,%22checked%22:0,%22dragID%22:1},{%22value%22:%22Fundaciones%22,%22checked%22:0,%22dragID%22:2},{%22value%22:%22Asociaciones%22,%22checked%22:0,%22dragID%22:3}%93&#8243; _builder_version=\u00bb4.19.4&#8243; _module_preset=\u00bbdefault\u00bb global_colors_info=\u00bb{}\u00bb][\/et_pb_contact_field][et_pb_contact_field field_id=\u00bbtrabajadores_ajena\u00bb field_title=\u00bbTrabajadores por cuenta ajena\u00bb field_type=\u00bbselect\u00bb select_options=\u00bb%91{%22value%22:%22de 0 &#8211; 2 trabajadores%22,%22checked%22:0,%22dragID%22:-1},{%22value%22:%22de 3 &#8211; 9 trabajadores%22,%22checked%22:0,%22dragID%22:0},{%22value%22:%22de 9 &#8211; 49 trabajadores%22,%22checked%22:0,%22dragID%22:1},{%22value%22:%22m\u00e1s de 49 trabajadores%22,%22checked%22:0,%22dragID%22:2}%93&#8243; _builder_version=\u00bb4.19.4&#8243; _module_preset=\u00bbdefault\u00bb global_colors_info=\u00bb{}\u00bb][\/et_pb_contact_field][et_pb_contact_field field_id=\u00bbdomicilio_social\u00bb field_title=\u00bbDomicilio Social\u00bb fullwidth_field=\u00bbon\u00bb _builder_version=\u00bb4.19.4&#8243; _module_preset=\u00bbdefault\u00bb global_colors_info=\u00bb{}\u00bb][\/et_pb_contact_field][et_pb_contact_field field_id=\u00bbcentro_tra\u00bb field_title=\u00bbCentro de trabajo\u00bb fullwidth_field=\u00bbon\u00bb _builder_version=\u00bb4.19.4&#8243; _module_preset=\u00bbdefault\u00bb global_colors_info=\u00bb{}\u00bb][\/et_pb_contact_field][et_pb_contact_field field_id=\u00bbcnae\u00bb field_title=\u00bbCNAE\u00bb min_length=\u00bb4&#8243; max_length=\u00bb6&#8243; _builder_version=\u00bb4.19.4&#8243; _module_preset=\u00bbdefault\u00bb width=\u00bb36%\u00bb global_colors_info=\u00bb{}\u00bb][\/et_pb_contact_field][et_pb_contact_field field_id=\u00bbfacturacion\u00bb field_title=\u00bbFacturaci\u00f3n\u00bb field_type=\u00bbselect\u00bb select_options=\u00bb%91{%22value%22:%22de 0 a 300.000\u20ac%22,%22checked%22:0,%22dragID%22:-1},{%22value%22:%22de 300.000\u20ac a 1M\u20ac%22,%22checked%22:0,%22dragID%22:0},{%22value%22:%22de 2M\u20ac a 5M\u20ac%22,%22checked%22:0,%22dragID%22:1},{%22value%22:%22m\u00e1s de 5M\u20ac%22,%22checked%22:0,%22dragID%22:2}%93&#8243; _builder_version=\u00bb4.19.4&#8243; _module_preset=\u00bbdefault\u00bb width=\u00bb36%\u00bb global_colors_info=\u00bb{}\u00bb][\/et_pb_contact_field][et_pb_contact_field field_id=\u00bbinversion_ant\u00bb field_title=\u00bbInversi\u00f3n tecnol\u00f3gica a\u00f1o 2022&#8243; field_type=\u00bbselect\u00bb select_options=\u00bb%91{%22value%22:%22de 0 a 15.000\u20ac%22,%22checked%22:0,%22dragID%22:-1},{%22value%22:%22de 15.000\u20ac a 50.000\u20ac%22,%22checked%22:0,%22dragID%22:0},{%22value%22:%22de 50.000 a 150.000\u20ac%22,%22checked%22:0,%22dragID%22:1},{%22value%22:%22m\u00e1s de 150.000\u20ac%22,%22checked%22:0,%22dragID%22:2}%93&#8243; _builder_version=\u00bb4.19.4&#8243; _module_preset=\u00bbdefault\u00bb width=\u00bb36%\u00bb global_colors_info=\u00bb{}\u00bb][\/et_pb_contact_field][et_pb_contact_field field_id=\u00bbinversion_otras\u00bb field_title=\u00bbOtras Inversiones a\u00f1o 2022&#8243; field_type=\u00bbselect\u00bb select_options=\u00bb%91{%22value%22:%22de 0 a 15.000\u20ac%22,%22checked%22:0,%22dragID%22:-1},{%22value%22:%22de 15.000\u20ac a 50.000\u20ac%22,%22checked%22:0,%22dragID%22:0},{%22value%22:%22de 50.000 a 150.000\u20ac%22,%22checked%22:0,%22dragID%22:1},{%22value%22:%22m\u00e1s de 150.000\u20ac%22,%22checked%22:0,%22dragID%22:2}%93&#8243; _builder_version=\u00bb4.19.4&#8243; _module_preset=\u00bbdefault\u00bb global_colors_info=\u00bb{}\u00bb][\/et_pb_contact_field][et_pb_contact_field field_id=\u00bbinversion_tec_2023&#8243; field_title=\u00bbInversiones Tecnol\u00f3gicas en 2023&#8243; field_type=\u00bbselect\u00bb select_options=\u00bb%91{%22value%22:%22de 0 a 15.000\u20ac%22,%22checked%22:0,%22dragID%22:-1},{%22value%22:%22de 15.000\u20ac a 50.000\u20ac%22,%22checked%22:0,%22dragID%22:0},{%22value%22:%22de 50.000 a 150.000\u20ac%22,%22checked%22:0,%22dragID%22:1},{%22value%22:%22m\u00e1s de 150.000\u20ac%22,%22checked%22:0,%22dragID%22:2}%93&#8243; _builder_version=\u00bb4.20.1&#8243; _module_preset=\u00bbdefault\u00bb hover_enabled=\u00bb0&#8243; global_colors_info=\u00bb{}\u00bb sticky_enabled=\u00bb0&#8243;][\/et_pb_contact_field][et_pb_contact_field field_id=\u00bbinversion_otras_2023&#8243; field_title=\u00bbOtras Inversiones en 2023&#8243; field_type=\u00bbselect\u00bb select_options=\u00bb%91{%22value%22:%22de 0 a 15.000\u20ac%22,%22checked%22:0,%22dragID%22:-1},{%22value%22:%22de 15.000\u20ac a 50.000\u20ac%22,%22checked%22:0,%22dragID%22:0},{%22value%22:%22de 50.000 a 150.000\u20ac%22,%22checked%22:0,%22dragID%22:1},{%22value%22:%22m\u00e1s de 150.000\u20ac%22,%22checked%22:0,%22dragID%22:2}%93&#8243; _builder_version=\u00bb4.20.1&#8243; _module_preset=\u00bbdefault\u00bb hover_enabled=\u00bb0&#8243; global_colors_info=\u00bb{}\u00bb sticky_enabled=\u00bb0&#8243;][\/et_pb_contact_field][et_pb_contact_field field_id=\u00bbcontrata_2023&#8243; field_title=\u00bbContrataciones personal 2023&#8243; field_type=\u00bbselect\u00bb select_options=\u00bb%91{%22value%22:%22de 1 a 3%22,%22checked%22:0,%22dragID%22:-1},{%22value%22:%22de 3 a 10%22,%22checked%22:0,%22dragID%22:0},{%22value%22:%22m\u00e1s de 10%22,%22checked%22:0,%22dragID%22:1}%93&#8243; _builder_version=\u00bb4.20.1&#8243; _module_preset=\u00bbdefault\u00bb hover_enabled=\u00bb0&#8243; global_colors_info=\u00bb{}\u00bb sticky_enabled=\u00bb0&#8243;][\/et_pb_contact_field][et_pb_contact_field field_id=\u00bbotras_ayudas\u00bb field_title=\u00bbParticipaci\u00f3n en ayudas\u00bb _builder_version=\u00bb4.20.1&#8243; _module_preset=\u00bbdefault\u00bb hover_enabled=\u00bb0&#8243; global_colors_info=\u00bb{}\u00bb sticky_enabled=\u00bb0&#8243;][\/et_pb_contact_field][\/et_pb_contact_form][\/et_pb_column][\/et_pb_row][\/et_pb_section]<\/p>\n","protected":false},"excerpt":{"rendered":"<p>Diagn\u00f3stico de Financiaci\u00f3n Con \u00e9ste formulario podremos dise\u00f1ar tu hoja de ruta para tus inversiones a realizar.<\/p>","protected":false},"author":1,"featured_media":0,"parent":0,"menu_order":0,"comment_status":"closed","ping_status":"closed","template":"","meta":{"_et_pb_use_builder":"on","_et_pb_old_content":"","_et_gb_content_width":"","_joinchat":[],"footnotes":""},"class_list":["post-80","page","type-page","status-publish","hentry"],"_links":{"self":[{"href":"https:\/\/adaptabc.es\/en\/wp-json\/wp\/v2\/pages\/80","targetHints":{"allow":["GET"]}}],"collection":[{"href":"https:\/\/adaptabc.es\/en\/wp-json\/wp\/v2\/pages"}],"about":[{"href":"https:\/\/adaptabc.es\/en\/wp-json\/wp\/v2\/types\/page"}],"author":[{"embeddable":true,"href":"https:\/\/adaptabc.es\/en\/wp-json\/wp\/v2\/users\/1"}],"replies":[{"embeddable":true,"href":"https:\/\/adaptabc.es\/en\/wp-json\/wp\/v2\/comments?post=80"}],"version-history":[{"count":17,"href":"https:\/\/adaptabc.es\/en\/wp-json\/wp\/v2\/pages\/80\/revisions"}],"predecessor-version":[{"id":665,"href":"https:\/\/adaptabc.es\/en\/wp-json\/wp\/v2\/pages\/80\/revisions\/665"}],"wp:attachment":[{"href":"https:\/\/adaptabc.es\/en\/wp-json\/wp\/v2\/media?parent=80"}],"curies":[{"name":"wp","href":"https:\/\/api.w.org\/{rel}","templated":true}]}}