{"id":675,"date":"2023-09-11T16:53:15","date_gmt":"2023-09-11T16:53:15","guid":{"rendered":"https:\/\/adaptabc.es\/?page_id=675"},"modified":"2023-09-12T09:52:22","modified_gmt":"2023-09-12T09:52:22","slug":"cataluna-innovacion-2023","status":"publish","type":"page","link":"https:\/\/adaptabc.es\/en\/cataluna-innovacion-2023","title":{"rendered":"Catalu\u00f1a Innovaci\u00f3n 2023"},"content":{"rendered":"<p>[et_pb_section fb_built=\u00bb1&#8243; _builder_version=\u00bb4.22.1&#8243; _module_preset=\u00bbdefault\u00bb background_image=\u00bbhttps:\/\/adaptabc.es\/wp-content\/uploads\/2023\/09\/Sin-titulo-1300-x-300-px.jpg\u00bb global_colors_info=\u00bb{}\u00bb][et_pb_row _builder_version=\u00bb4.22.1&#8243; _module_preset=\u00bbdefault\u00bb global_colors_info=\u00bb{}\u00bb][et_pb_column type=\u00bb4_4&#8243; _builder_version=\u00bb4.22.1&#8243; _module_preset=\u00bbdefault\u00bb global_colors_info=\u00bb{}\u00bb][et_pb_text _builder_version=\u00bb4.22.1&#8243; _module_preset=\u00bbdefault\u00bb header_font=\u00bb|700|||||||\u00bb header_text_color=\u00bb#FFFFFF\u00bb global_colors_info=\u00bb{}\u00bb]<\/p>\n<h1 class=\"titulo-capcalera\">Ayudas a proyectos de innovaci\u00f3n abierta y disruptiva<\/h1>\n<p>[\/et_pb_text][\/et_pb_column][\/et_pb_row][\/et_pb_section][et_pb_section fb_built=\u00bb1&#8243; _builder_version=\u00bb4.22.1&#8243; _module_preset=\u00bbdefault\u00bb min_height=\u00bb307px\u00bb custom_padding=\u00bb|0px||||\u00bb global_colors_info=\u00bb{}\u00bb][et_pb_row _builder_version=\u00bb4.22.1&#8243; _module_preset=\u00bbdefault\u00bb global_colors_info=\u00bb{}\u00bb][et_pb_column type=\u00bb4_4&#8243; _builder_version=\u00bb4.22.1&#8243; _module_preset=\u00bbdefault\u00bb global_colors_info=\u00bb{}\u00bb][et_pb_text _builder_version=\u00bb4.22.1&#8243; _module_preset=\u00bbdefault\u00bb global_colors_info=\u00bb{}\u00bb]<\/p>\n<div class=\"page\" title=\"Page 1\">\n<div class=\"layoutArea\">\n<div class=\"column\">\n<h1><span>Cambia la realidad de tu empresa<\/span><\/h1>\n<\/div>\n<\/div>\n<\/div>\n<p>[\/et_pb_text][et_pb_text _builder_version=\u00bb4.22.1&#8243; _module_preset=\u00bbdefault\u00bb global_colors_info=\u00bb{}\u00bb]<\/p>\n<div class=\"page\" title=\"Page 1\">\n<div class=\"layoutArea\">\n<div class=\"column\">\n<p>\u00bfQuieres poner en marcha un proyecto disruptivo en tu empresa? \u00bfTe gustar\u00eda acelerar tu nivel de innovaci\u00f3n y transformar el modelo de negocio?<\/p>\n<p>La evoluci\u00f3n tecnol\u00f3gica a velocidades de v\u00e9rtigo o los cambios constantes del entorno obligan a las empresas a pisar el acelerador de la innovaci\u00f3n para convertir las amenazas en oportunidades de crecimiento.<\/p>\n<p>Las<strong><span>\u00a0<\/span>Ayudas a proyectos de innovaci\u00f3n abierta y disruptiva<span>\u00a0<\/span><\/strong>son el impulso para pasar de la innovaci\u00f3n b\u00e1sica a la disrupci\u00f3n y avanzar hacia nuevos modelos de negocio.<\/p>\n<p>Estas subvenciones te permitir\u00e1n generar, evolucionar o poner en pr\u00e1ctica aquella idea que puede cambiar la realidad de tu empresa, de tu sector o provocar la aparici\u00f3n de industrias que jam\u00e1s se nos hab\u00edan ocurrido.<\/p>\n<\/div>\n<\/div>\n<\/div>\n<p>[\/et_pb_text][\/et_pb_column][\/et_pb_row][et_pb_row _builder_version=\u00bb4.22.1&#8243; _module_preset=\u00bbdefault\u00bb global_colors_info=\u00bb{}\u00bb][et_pb_column type=\u00bb4_4&#8243; _builder_version=\u00bb4.22.1&#8243; _module_preset=\u00bbdefault\u00bb global_colors_info=\u00bb{}\u00bb][et_pb_tabs active_tab_background_color=\u00bb#ee7200&#8243; active_tab_text_color=\u00bb#FFFFFF\u00bb _builder_version=\u00bb4.22.1&#8243; _module_preset=\u00bbdefault\u00bb global_colors_info=\u00bb{}\u00bb][et_pb_tab title=\u00bb\u00bfQu\u00e9 ofrecen?\u00bb _builder_version=\u00bb4.22.1&#8243; _module_preset=\u00bbdefault\u00bb global_colors_info=\u00bb{}\u00bb]<\/p>\n<p><strong>L\u00ednea 1: Proyectos de ideaci\u00f3n y desarrollo de nuevas iniciativas disruptivas<\/strong><\/p>\n<ul>\n<li>Duraci\u00f3n: 12 meses a partir de la fecha de inicio de la convocatoria.<\/li>\n<li>Ayuda: Hasta 25.000 euros.<\/li>\n<li>Gastos: Personal propio o de nueva contrataci\u00f3n; colaborador externo experto en nuevas metodolog\u00edas de transformaci\u00f3n empresarial o subcontrataci\u00f3n de otras pericias relacionadas con el proyecto.<\/li>\n<li>Destinatarios: Empresas innovadoras con capacidad y voluntad de transformarse y de, como m\u00ednimo, 5 a\u00f1os de vida.<\/li>\n<\/ul>\n<p><strong>L\u00ednea 2: Colaboraciones<span>\u00a0<\/span><em>startups<\/em><span>\u00a0<\/span>&#8211; empresa colaboradora<\/strong><\/p>\n<ul>\n<li>Duraci\u00f3n: 12 meses a partir de la fecha de inicio de la convocatoria.<\/li>\n<li>Ayuda: Hasta 25.000 euros.<\/li>\n<li>Gastos: Personal de la propia startup y subcontrataci\u00f3n de otras experiencias relacionadas con el proyecto.<\/li>\n<li>Destinatarios: Startups tecnol\u00f3gicas y de menos de 8 a\u00f1os de vida.<\/li>\n<\/ul>\n<p>[\/et_pb_tab][et_pb_tab title=\u00bbDestinatarios, condiciones y solicitud\u00bb _builder_version=\u00bb4.22.1&#8243; _module_preset=\u00bbdefault\u00bb global_colors_info=\u00bb{}\u00bb]<\/p>\n<p><strong>L\u00ednea 1: Proyectos de ideaci\u00f3n y desarrollo de nuevas iniciativas disruptivas<\/strong><\/p>\n<ul>\n<li>Duraci\u00f3n: 12 meses a partir de la fecha de inicio de la convocatoria.<\/li>\n<li>Ayuda: Hasta 25.000 euros.<\/li>\n<li>Gastos: Personal propio o de nueva contrataci\u00f3n; colaborador externo experto en nuevas metodolog\u00edas de transformaci\u00f3n empresarial o subcontrataci\u00f3n de otras pericias relacionadas con el proyecto.<\/li>\n<li>Destinatarios: Empresas innovadoras con capacidad y voluntad de transformarse y de, como m\u00ednimo, 5 a\u00f1os de vida.<\/li>\n<\/ul>\n<p><strong>L\u00ednea 2: Colaboraciones<span>\u00a0<\/span><em>startups<\/em><span>\u00a0<\/span>&#8211; empresa colaboradora<\/strong><\/p>\n<ul>\n<li>Duraci\u00f3n: 12 meses a partir de la fecha de inicio de la convocatoria.<\/li>\n<li>Ayuda: Hasta 25.000 euros.<\/li>\n<li>Gastos: Personal de la propia startup y subcontrataci\u00f3n de otras experiencias relacionadas con el proyecto.<\/li>\n<li>Destinatarios: Startups tecnol\u00f3gicas y de menos de 8 a\u00f1os de vida.<\/li>\n<\/ul>\n<p>[\/et_pb_tab][\/et_pb_tabs][\/et_pb_column][\/et_pb_row][et_pb_row _builder_version=\u00bb4.22.1&#8243; _module_preset=\u00bbdefault\u00bb][et_pb_column _builder_version=\u00bb4.22.1&#8243; _module_preset=\u00bbdefault\u00bb type=\u00bb4_4&#8243;][et_pb_code _builder_version=\u00bb4.22.1&#8243; _module_preset=\u00bbdefault\u00bb hover_enabled=\u00bb0&#8243; sticky_enabled=\u00bb0&#8243;]<!-- Begin Brevo Form --><!-- START - We recommend to place the below code in head tag of your website html  --><\/p>\n<style>  @font-face {    font-display: block;    font-family: Roboto;    src: url(https:\/\/assets.brevo.com\/font\/Roboto\/Latin\/normal\/normal\/7529907e9eaf8ebb5220c5f9850e3811.woff2) format(\"woff2\"), url(https:\/\/assets.brevo.com\/font\/Roboto\/Latin\/normal\/normal\/25c678feafdc175a70922a116c9be3e7.woff) format(\"woff\")  }  @font-face {    font-display: fallback;    font-family: Roboto;    font-weight: 600;    src: url(https:\/\/assets.brevo.com\/font\/Roboto\/Latin\/medium\/normal\/6e9caeeafb1f3491be3e32744bc30440.woff2) format(\"woff2\"), url(https:\/\/assets.brevo.com\/font\/Roboto\/Latin\/medium\/normal\/71501f0d8d5aa95960f6475d5487d4c2.woff) format(\"woff\")  }  @font-face {    font-display: fallback;    font-family: Roboto;    font-weight: 700;    src: url(https:\/\/assets.brevo.com\/font\/Roboto\/Latin\/bold\/normal\/3ef7cf158f310cf752d5ad08cd0e7e60.woff2) format(\"woff2\"), url(https:\/\/assets.brevo.com\/font\/Roboto\/Latin\/bold\/normal\/ece3a1d82f18b60bcce0211725c476aa.woff) format(\"woff\")  }  #sib-container input:-ms-input-placeholder {    text-align: left;    font-family: \"Helvetica\", sans-serif;    color: #c0ccda;  }  #sib-container input::placeholder {    text-align: left;    font-family: \"Helvetica\", sans-serif;    color: #c0ccda;  }  #sib-container textarea::placeholder {    text-align: left;    font-family: \"Helvetica\", sans-serif;    color: #c0ccda;  }<\/style>\n<link rel=\"stylesheet\" href=\"https:\/\/sibforms.com\/forms\/end-form\/build\/sib-styles.css\"><!--  END - We recommend to place the above code in head tag of your website html --><!-- START - We recommend to place the below code where you want the form in your website html  -->\n<div class=\"sib-form\" style=\"text-align: center;         background-color: #EFF2F7;                                 \">\n<div id=\"sib-form-container\" class=\"sib-form-container\">\n<div id=\"error-message\" class=\"sib-form-message-panel\" style=\"font-size:16px; text-align:left; font-family:&quot;Helvetica&quot;, sans-serif; color:#661d1d; background-color:#ffeded; border-radius:3px; border-color:#ff4949;max-width:540px;\">\n<div class=\"sib-form-message-panel__text sib-form-message-panel__text--center\">        <svg viewBox=\"0 0 512 512\" class=\"sib-icon sib-notification__icon\">          <path d=\"M256 40c118.621 0 216 96.075 216 216 0 119.291-96.61 216-216 216-119.244 0-216-96.562-216-216 0-119.203 96.602-216 216-216m0-32C119.043 8 8 119.083 8 256c0 136.997 111.043 248 248 248s248-111.003 248-248C504 119.083 392.957 8 256 8zm-11.49 120h22.979c6.823 0 12.274 5.682 11.99 12.5l-7 168c-.268 6.428-5.556 11.5-11.99 11.5h-8.979c-6.433 0-11.722-5.073-11.99-11.5l-7-168c-.283-6.818 5.167-12.5 11.99-12.5zM256 340c-15.464 0-28 12.536-28 28s12.536 28 28 28 28-12.536 28-28-12.536-28-28-28z\" \/>        <\/svg>        <span class=\"sib-form-message-panel__inner-text\">                          No hemos podido validar su suscripci\u00f3n.                      <\/span>      <\/div>\n<\/p><\/div>\n<div><\/div>\n<div id=\"success-message\" class=\"sib-form-message-panel\" style=\"font-size:16px; text-align:left; font-family:&quot;Helvetica&quot;, sans-serif; color:#085229; background-color:#e7faf0; border-radius:3px; border-color:#13ce66;max-width:540px;\">\n<div class=\"sib-form-message-panel__text sib-form-message-panel__text--center\">        <svg viewBox=\"0 0 512 512\" class=\"sib-icon sib-notification__icon\">          <path d=\"M256 8C119.033 8 8 119.033 8 256s111.033 248 248 248 248-111.033 248-248S392.967 8 256 8zm0 464c-118.664 0-216-96.055-216-216 0-118.663 96.055-216 216-216 118.664 0 216 96.055 216 216 0 118.663-96.055 216-216 216zm141.63-274.961L217.15 376.071c-4.705 4.667-12.303 4.637-16.97-.068l-85.878-86.572c-4.667-4.705-4.637-12.303.068-16.97l8.52-8.451c4.705-4.667 12.303-4.637 16.97.068l68.976 69.533 163.441-162.13c4.705-4.667 12.303-4.637 16.97.068l8.451 8.52c4.668 4.705 4.637 12.303-.068 16.97z\" \/>        <\/svg>        <span class=\"sib-form-message-panel__inner-text\">                          Se ha realizado su suscripci\u00f3n.                      <\/span>      <\/div>\n<\/p><\/div>\n<div><\/div>\n<div id=\"sib-container\" class=\"sib-container--large sib-container--vertical\" style=\"text-align:center; background-color:rgba(255,255,255,1); max-width:540px; border-radius:3px; border-width:1px; border-color:#C0CCD9; border-style:solid; direction:ltr\">\n<form id=\"sib-form\" method=\"POST\" action=\"https:\/\/0d5f53ee.sibforms.com\/serve\/MUIFAAu3fOtVdd_FNr1o6dA32Zh4lUmRBBqEMk-pJi7YHvXLzuMmTpYS0A5r1kql3RG1T5OalF5Q0tEeuOpiL7R9-sm6euaWvIfSE_4IdSyd7mZysw22y03HwcLKUqo90wX8DOInSI6XCzztxsDY7ow2tr0xR0FWUz0F7_HzJXHLXzgGrlPe_AK1dd1AVBUI6C2pqWSSSs7KKsGc\" data-type=\"subscription\">\n<div style=\"padding: 8px 0;\">\n<div class=\"sib-form-block\" style=\"font-size:32px; text-align:left; font-weight:700; font-family:&quot;Helvetica&quot;, sans-serif; color:#3C4858; background-color:transparent; text-align:left\">            <pee>Quiero descargarme el manual<\/pee>          <\/div>\n<\/p><\/div>\n<div style=\"padding: 8px 0;\">\n<div class=\"sib-form-block\" style=\"font-size:16px; text-align:left; font-family:&quot;Helvetica&quot;, sans-serif; color:#3C4858; background-color:transparent; text-align:left\">\n<div class=\"sib-text-form-block\">              <pee>Suscr\u00edbase a nuestra newsletter para recibir nuestras novedades.<\/pee>            <\/div>\n<\/p><\/div>\n<\/p><\/div>\n<div style=\"padding: 8px 0;\">\n<div class=\"sib-input sib-form-block\">\n<div class=\"form__entry entry_block\">\n<div class=\"form__label-row \">                <label class=\"entry__label\" style=\"font-weight: 700; text-align:left; font-size:16px; text-align:left; font-weight:700; font-family:&quot;Helvetica&quot;, sans-serif; color:#3c4858;\" for=\"EMAIL\" data-required=\"*\">Introduzca su direcci\u00f3n de e-mail para suscribirse<\/label>                <\/p>\n<div class=\"entry__field\">                  <input class=\"input \" type=\"text\" id=\"EMAIL\" name=\"EMAIL\" autocomplete=\"off\" placeholder=\"EMAIL\" data-required=\"true\" required \/>                <\/div>\n<\/p><\/div>\n<p>              <label class=\"entry__error entry__error--primary\" style=\"font-size:16px; text-align:left; font-family:&quot;Helvetica&quot;, sans-serif; color:#661d1d; background-color:#ffeded; border-radius:3px; border-color:#ff4949;\">              <\/label>              <label class=\"entry__specification\" style=\"font-size:12px; text-align:left; font-family:&quot;Helvetica&quot;, sans-serif; color:#8390A4; text-align:left\">                Introduzca su direcci\u00f3n de e-mail para suscribirse. Ej.: abc@xyz.com              <\/label>            <\/div>\n<\/p><\/div>\n<\/p><\/div>\n<div style=\"padding: 8px 0;\">\n<div class=\"g-recaptcha\" data-sitekey=\"6LeSSRwoAAAAACLd0Nk_4DzzT6QzsUBuIep7ofa3\" data-callback=\"invisibleCaptchaCallback\" data-size=\"invisible\" onclick=\"executeCaptcha\"><\/div>\n<\/p><\/div>\n<div style=\"padding: 8px 0;\">\n<div class=\"sib-optin sib-form-block\">\n<div class=\"form__entry entry_mcq\">\n<div class=\"form__label-row \">\n<div class=\"entry__choice\" style=\"\">                  <label>                    <input type=\"checkbox\" class=\"input_replaced\" value=\"1\" id=\"OPT_IN\" name=\"OPT_IN\" \/>                    <span class=\"checkbox checkbox_tick_positive\"            style=\"margin-left:\"            ><\/span><span style=\"font-size:14px; text-align:left; font-family:&quot;Helvetica&quot;, sans-serif; color:#3C4858; background-color:transparent;\"><pee>Acepto las condiciones y recibir sus newsletters.<\/pee><\/span> <\/label>                <\/div>\n<\/p><\/div>\n<p>              <label class=\"entry__error entry__error--primary\" style=\"font-size:16px; text-align:left; font-family:&quot;Helvetica&quot;, sans-serif; color:#661d1d; background-color:#ffeded; border-radius:3px; border-color:#ff4949;\">              <\/label>              <label class=\"entry__specification\" style=\"font-size:12px; text-align:left; font-family:&quot;Helvetica&quot;, sans-serif; color:#8390A4; text-align:left\">                Puede cancelar su suscripci\u00f3n cuando quiera mediante el enlace de nuestra newsletter.              <\/label>            <\/div>\n<\/p><\/div>\n<\/p><\/div>\n<div style=\"padding: 8px 0;\">\n<div class=\"sib-form-block\" style=\"text-align: left\">            <button class=\"sib-form-block__button sib-form-block__button-with-loader\" style=\"font-size:16px; text-align:left; font-weight:700; font-family:&quot;Helvetica&quot;, sans-serif; color:#FFFFFF; background-color:#3E4857; border-radius:3px; border-width:0px;\" form=\"sib-form\" type=\"submit\">              <svg class=\"icon clickable__icon progress-indicator__icon sib-hide-loader-icon\" viewBox=\"0 0 512 512\">                <path d=\"M460.116 373.846l-20.823-12.022c-5.541-3.199-7.54-10.159-4.663-15.874 30.137-59.886 28.343-131.652-5.386-189.946-33.641-58.394-94.896-95.833-161.827-99.676C261.028 55.961 256 50.751 256 44.352V20.309c0-6.904 5.808-12.337 12.703-11.982 83.556 4.306 160.163 50.864 202.11 123.677 42.063 72.696 44.079 162.316 6.031 236.832-3.14 6.148-10.75 8.461-16.728 5.01z\" \/>              <\/svg>              SUSCRIBIRSE            <\/button>          <\/div>\n<\/p><\/div>\n<p>        <input type=\"text\" name=\"email_address_check\" value=\"\" class=\"input--hidden\">        <input type=\"hidden\" name=\"locale\" value=\"es\">      <\/form>\n<\/p><\/div>\n<\/p><\/div>\n<\/div>\n<p><!-- END - We recommend to place the below code where you want the form in your website html  --><!-- START - We recommend to place the below code in footer or bottom of your website html  --><script>  window.REQUIRED_CODE_ERROR_MESSAGE = 'Elija un c\u00f3digo de pa\u00eds';  window.LOCALE = 'es';  window.EMAIL_INVALID_MESSAGE = window.SMS_INVALID_MESSAGE = \"La informaci\u00f3n que ha proporcionado no es v\u00e1lida. Compruebe el formato del campo e int\u00e9ntelo de nuevo.\";  window.REQUIRED_ERROR_MESSAGE = \"Este campo no puede quedarse vac\u00edo. \";  window.GENERIC_INVALID_MESSAGE = \"La informaci\u00f3n que ha proporcionado no es v\u00e1lida. Compruebe el formato del campo e int\u00e9ntelo de nuevo.\";  window.translation = {    common: {      selectedList: '{quantity} lista seleccionada',      selectedLists: '{quantity} listas seleccionadas'    }  };  var AUTOHIDE = Boolean(0);<\/script><script defer src=\"https:\/\/sibforms.com\/forms\/end-form\/build\/main.js\"><\/script><script src=\"https:\/\/www.google.com\/recaptcha\/api.js?hl=es\"><\/script><!-- END - We recommend to place the above code in footer or bottom of your website html  --><!-- End Brevo Form -->[\/et_pb_code][\/et_pb_column][\/et_pb_row][\/et_pb_section]<\/p>\n","protected":false},"excerpt":{"rendered":"<p>Ayudas a proyectos de innovaci\u00f3n abierta y disruptiva Cambia la realidad de tu empresa \u00bfQuieres poner en marcha un proyecto disruptivo en tu empresa? \u00bfTe gustar\u00eda acelerar tu nivel de innovaci\u00f3n y transformar el modelo de negocio? La evoluci\u00f3n tecnol\u00f3gica a velocidades de v\u00e9rtigo o los cambios constantes del entorno obligan a las empresas a [&hellip;]<\/p>\n","protected":false},"author":1,"featured_media":0,"parent":0,"menu_order":0,"comment_status":"closed","ping_status":"closed","template":"","meta":{"_et_pb_use_builder":"on","_et_pb_old_content":"","_et_gb_content_width":"","_joinchat":[],"footnotes":""},"class_list":["post-675","page","type-page","status-publish","hentry"],"_links":{"self":[{"href":"https:\/\/adaptabc.es\/en\/wp-json\/wp\/v2\/pages\/675","targetHints":{"allow":["GET"]}}],"collection":[{"href":"https:\/\/adaptabc.es\/en\/wp-json\/wp\/v2\/pages"}],"about":[{"href":"https:\/\/adaptabc.es\/en\/wp-json\/wp\/v2\/types\/page"}],"author":[{"embeddable":true,"href":"https:\/\/adaptabc.es\/en\/wp-json\/wp\/v2\/users\/1"}],"replies":[{"embeddable":true,"href":"https:\/\/adaptabc.es\/en\/wp-json\/wp\/v2\/comments?post=675"}],"version-history":[{"count":6,"href":"https:\/\/adaptabc.es\/en\/wp-json\/wp\/v2\/pages\/675\/revisions"}],"predecessor-version":[{"id":684,"href":"https:\/\/adaptabc.es\/en\/wp-json\/wp\/v2\/pages\/675\/revisions\/684"}],"wp:attachment":[{"href":"https:\/\/adaptabc.es\/en\/wp-json\/wp\/v2\/media?parent=675"}],"curies":[{"name":"wp","href":"https:\/\/api.w.org\/{rel}","templated":true}]}}