{"id":523,"date":"2023-02-10T13:39:51","date_gmt":"2023-02-10T13:39:51","guid":{"rendered":"https:\/\/adaptabc.es\/?page_id=523"},"modified":"2023-03-07T08:26:11","modified_gmt":"2023-03-07T08:26:11","slug":"ar-vr-metaverso","status":"publish","type":"page","link":"https:\/\/adaptabc.es\/en\/ar-vr-metaverso","title":{"rendered":"AR\/VR Metaverso"},"content":{"rendered":"<p>[et_pb_section fb_built=\u00bb1&#8243; _builder_version=\u00bb4.19.5&#8243; _module_preset=\u00bbdefault\u00bb custom_padding=\u00bb0px|||||\u00bb global_colors_info=\u00bb{}\u00bb][et_pb_row _builder_version=\u00bb4.19.5&#8243; _module_preset=\u00bbdefault\u00bb global_colors_info=\u00bb{}\u00bb][et_pb_column type=\u00bb4_4&#8243; _builder_version=\u00bb4.19.5&#8243; _module_preset=\u00bbdefault\u00bb global_colors_info=\u00bb{}\u00bb][et_pb_text _builder_version=\u00bb4.19.5&#8243; _module_preset=\u00bbdefault\u00bb text_font=\u00bbAbel||||||||\u00bb text_font_size=\u00bb18px\u00bb header_font=\u00bbAbel|700|||||||\u00bb header_text_color=\u00bb#ee7200&#8243; custom_margin=\u00bb||3px|||\u00bb global_colors_info=\u00bb{}\u00bb]<\/p>\n<h1>AR\/VR Metaverso<\/h1>\n<p>[\/et_pb_text][et_pb_text _builder_version=\u00bb4.19.5&#8243; _module_preset=\u00bbdefault\u00bb text_font=\u00bbAbel||||||||\u00bb text_font_size=\u00bb18px\u00bb global_colors_info=\u00bb{}\u00bb]<a href=\"https:\/\/adaptabc.es\/servicios\">Servicios<\/a> &gt; <a href=\"https:\/\/adaptabc.es\/tecnologia\">Tecnolog\u00eda<\/a>&gt;AR\/VR Metaverso[\/et_pb_text][\/et_pb_column][\/et_pb_row][\/et_pb_section][et_pb_section fb_built=\u00bb1&#8243; _builder_version=\u00bb4.19.5&#8243; _module_preset=\u00bbdefault\u00bb custom_margin=\u00bb-78px|||||\u00bb custom_padding=\u00bb12px|||||\u00bb global_colors_info=\u00bb{}\u00bb][et_pb_row column_structure=\u00bb1_2,1_2&#8243; _builder_version=\u00bb4.19.5&#8243; _module_preset=\u00bbdefault\u00bb custom_padding=\u00bb23px|||||\u00bb global_colors_info=\u00bb{}\u00bb][et_pb_column type=\u00bb1_2&#8243; _builder_version=\u00bb4.19.5&#8243; _module_preset=\u00bbdefault\u00bb global_colors_info=\u00bb{}\u00bb][et_pb_text _builder_version=\u00bb4.19.5&#8243; _module_preset=\u00bbdefault\u00bb header_2_font=\u00bbAbel||||||||\u00bb global_colors_info=\u00bb{}\u00bb]<\/p>\n<h2><b>Te ayudamos a conseguir las ayudas LIC o LIC A<\/b><\/h2>\n<p>[\/et_pb_text][et_pb_text _builder_version=\u00bb4.19.5&#8243; _module_preset=\u00bbdefault\u00bb text_font=\u00bbAbel||||||||\u00bb text_font_size=\u00bb17px\u00bb global_colors_info=\u00bb{}\u00bb]<\/p>\n<p><span>La L\u00ednea Directa de Innovaci\u00f3n (LIC) y la L\u00ednea Directa de Expansi\u00f3n (LIC A) del\u00a0<\/span><span>Centro para el Desarrollo Tecnol\u00f3gico Industrial (<\/span><a href=\"https:\/\/www.cdti.es\/\" target=\"_blank\" rel=\"noopener\"><span>CDTI<\/span><\/a><span>)\u00a0<\/span><span>son\u00a0<strong>ayudas parcialmente reembolsables<\/strong>\u00a0orientadas a impulsar tus\u00a0<strong>proyectos empresariales de innovaci\u00f3n tecnol\u00f3gica<\/strong>.<\/span><\/p>\n<p>[\/et_pb_text][et_pb_text _builder_version=\u00bb4.19.5&#8243; _module_preset=\u00bbdefault\u00bb header_2_font=\u00bbAbel||||||||\u00bb global_colors_info=\u00bb{}\u00bb]<\/p>\n<h2><b>Descubre m\u00e1s sobre las ayudas de CDTI para Proyectos de Innovaci\u00f3n Tecnol\u00f3gica (LIC y LIC A)<\/b><\/h2>\n<p>[\/et_pb_text][et_pb_video src=\u00bbhttps:\/\/www.youtube.com\/watch?v=7jc1HBmQ7I8&#8243; _builder_version=\u00bb4.19.5&#8243; _module_preset=\u00bbdefault\u00bb global_colors_info=\u00bb{}\u00bb][\/et_pb_video][\/et_pb_column][et_pb_column type=\u00bb1_2&#8243; _builder_version=\u00bb4.19.5&#8243; _module_preset=\u00bbdefault\u00bb overflow-y=\u00bbvisible\u00bb global_colors_info=\u00bb{}\u00bb][et_pb_text _builder_version=\u00bb4.19.5&#8243; _module_preset=\u00bbdefault\u00bb header_2_font=\u00bbAbel||||||||\u00bb global_colors_info=\u00bb{}\u00bb]<\/p>\n<h2><b>Caracter\u00edsticas comunes de ambas ayudas<\/b><\/h2>\n<p>[\/et_pb_text][et_pb_text _builder_version=\u00bb4.19.5&#8243; _module_preset=\u00bbdefault\u00bb text_font=\u00bbAbel||||||||\u00bb text_font_size=\u00bb17px\u00bb global_colors_info=\u00bb{}\u00bb]<\/p>\n<ul>\n<li>Dirigida a empresas espa\u00f1olas.<\/li>\n<li>Financiaci\u00f3n de hasta el 75% del presupuesto aprobado de proyectos de al menos 175.000 \u20ac y una duraci\u00f3n de entre 6 y 24 meses.<\/li>\n<li>Cubren gastos relacionados con materiales, personal y, tambi\u00e9n, los derivados de patentes y derechos de propiedad intelectual, entre otros.<\/li>\n<li>Convocatorias abiertas todo el a\u00f1o.<\/li>\n<\/ul>\n<p>[\/et_pb_text][\/et_pb_column][\/et_pb_row][\/et_pb_section][et_pb_section fb_built=\u00bb1&#8243; _builder_version=\u00bb4.19.5&#8243; _module_preset=\u00bbdefault\u00bb custom_padding=\u00bb0px|||||\u00bb global_colors_info=\u00bb{}\u00bb][et_pb_row _builder_version=\u00bb4.19.5&#8243; _module_preset=\u00bbdefault\u00bb global_colors_info=\u00bb{}\u00bb][et_pb_column type=\u00bb4_4&#8243; _builder_version=\u00bb4.19.5&#8243; _module_preset=\u00bbdefault\u00bb global_colors_info=\u00bb{}\u00bb][et_pb_text _builder_version=\u00bb4.19.5&#8243; _module_preset=\u00bbdefault\u00bb header_2_font=\u00bbAbel||||||||\u00bb global_colors_info=\u00bb{}\u00bb]<\/p>\n<h2><b>\u00bfQuieres optimizar tu estrategia fiscal?<\/b><\/h2>\n<p>[\/et_pb_text][\/et_pb_column][\/et_pb_row][\/et_pb_section]<\/p>\n","protected":false},"excerpt":{"rendered":"<p>AR\/VR MetaversoServicios &gt; Tecnolog\u00eda&gt;AR\/VR MetaversoTe ayudamos a conseguir las ayudas LIC o LIC ALa L\u00ednea Directa de Innovaci\u00f3n (LIC) y la L\u00ednea Directa de Expansi\u00f3n (LIC A) del\u00a0Centro para el Desarrollo Tecnol\u00f3gico Industrial (CDTI)\u00a0son\u00a0ayudas parcialmente reembolsables\u00a0orientadas a impulsar tus\u00a0proyectos empresariales de innovaci\u00f3n tecnol\u00f3gica.Descubre m\u00e1s sobre las ayudas de CDTI para Proyectos de Innovaci\u00f3n Tecnol\u00f3gica (LIC [&hellip;]<\/p>\n","protected":false},"author":1,"featured_media":0,"parent":0,"menu_order":0,"comment_status":"closed","ping_status":"closed","template":"","meta":{"_et_pb_use_builder":"on","_et_pb_old_content":"","_et_gb_content_width":"","_joinchat":[],"footnotes":""},"class_list":["post-523","page","type-page","status-publish","hentry"],"_links":{"self":[{"href":"https:\/\/adaptabc.es\/en\/wp-json\/wp\/v2\/pages\/523","targetHints":{"allow":["GET"]}}],"collection":[{"href":"https:\/\/adaptabc.es\/en\/wp-json\/wp\/v2\/pages"}],"about":[{"href":"https:\/\/adaptabc.es\/en\/wp-json\/wp\/v2\/types\/page"}],"author":[{"embeddable":true,"href":"https:\/\/adaptabc.es\/en\/wp-json\/wp\/v2\/users\/1"}],"replies":[{"embeddable":true,"href":"https:\/\/adaptabc.es\/en\/wp-json\/wp\/v2\/comments?post=523"}],"version-history":[{"count":4,"href":"https:\/\/adaptabc.es\/en\/wp-json\/wp\/v2\/pages\/523\/revisions"}],"predecessor-version":[{"id":638,"href":"https:\/\/adaptabc.es\/en\/wp-json\/wp\/v2\/pages\/523\/revisions\/638"}],"wp:attachment":[{"href":"https:\/\/adaptabc.es\/en\/wp-json\/wp\/v2\/media?parent=523"}],"curies":[{"name":"wp","href":"https:\/\/api.w.org\/{rel}","templated":true}]}}