{"id":508,"date":"2023-02-10T13:01:18","date_gmt":"2023-02-10T13:01:18","guid":{"rendered":"https:\/\/adaptabc.es\/?page_id=508"},"modified":"2023-03-07T08:32:44","modified_gmt":"2023-03-07T08:32:44","slug":"financiacion-inversores","status":"publish","type":"page","link":"https:\/\/adaptabc.es\/en\/financiacion-inversores","title":{"rendered":"Financiaci\u00f3n: Inversores"},"content":{"rendered":"<p>[et_pb_section fb_built=\u00bb1&#8243; _builder_version=\u00bb4.19.5&#8243; _module_preset=\u00bbdefault\u00bb custom_padding=\u00bb0px|||||\u00bb global_colors_info=\u00bb{}\u00bb][et_pb_row _builder_version=\u00bb4.19.5&#8243; _module_preset=\u00bbdefault\u00bb global_colors_info=\u00bb{}\u00bb][et_pb_column type=\u00bb4_4&#8243; _builder_version=\u00bb4.19.5&#8243; _module_preset=\u00bbdefault\u00bb global_colors_info=\u00bb{}\u00bb][et_pb_text _builder_version=\u00bb4.19.5&#8243; _module_preset=\u00bbdefault\u00bb text_font=\u00bbAbel||||||||\u00bb text_font_size=\u00bb18px\u00bb header_font=\u00bbAbel|700|||||||\u00bb header_text_color=\u00bb#ee7200&#8243; custom_margin=\u00bb||3px|||\u00bb global_colors_info=\u00bb{}\u00bb]<\/p>\n<h1>Financiaci\u00f3n: Inversores<\/h1>\n<p>[\/et_pb_text][et_pb_text _builder_version=\u00bb4.19.5&#8243; _module_preset=\u00bbdefault\u00bb text_font=\u00bbAbel||||||||\u00bb text_font_size=\u00bb18px\u00bb global_colors_info=\u00bb{}\u00bb]<a href=\"https:\/\/adaptabc.es\/servicios\">Servicios<\/a> &gt; <a href=\"https:\/\/adaptabc.es\/financiacion\">Financiaci\u00f3n<\/a>&gt;Financiaci\u00f3n: Inversores[\/et_pb_text][\/et_pb_column][\/et_pb_row][\/et_pb_section][et_pb_section fb_built=\u00bb1&#8243; _builder_version=\u00bb4.19.5&#8243; _module_preset=\u00bbdefault\u00bb custom_margin=\u00bb-78px|||||\u00bb custom_padding=\u00bb12px|||||\u00bb global_colors_info=\u00bb{}\u00bb][et_pb_row column_structure=\u00bb1_2,1_2&#8243; _builder_version=\u00bb4.19.5&#8243; _module_preset=\u00bbdefault\u00bb custom_padding=\u00bb23px|||||\u00bb global_colors_info=\u00bb{}\u00bb][et_pb_column type=\u00bb1_2&#8243; _builder_version=\u00bb4.19.5&#8243; _module_preset=\u00bbdefault\u00bb global_colors_info=\u00bb{}\u00bb][et_pb_text _builder_version=\u00bb4.19.5&#8243; _module_preset=\u00bbdefault\u00bb header_2_font=\u00bbAbel||||||||\u00bb global_colors_info=\u00bb{}\u00bb]<\/p>\n<h2><b>Te ayudamos a conseguir las ayudas LIC o LIC A<\/b><\/h2>\n<p>[\/et_pb_text][et_pb_text _builder_version=\u00bb4.19.5&#8243; _module_preset=\u00bbdefault\u00bb text_font=\u00bbAbel||||||||\u00bb text_font_size=\u00bb17px\u00bb global_colors_info=\u00bb{}\u00bb]<\/p>\n<p><span>La L\u00ednea Directa de Innovaci\u00f3n (LIC) y la L\u00ednea Directa de Expansi\u00f3n (LIC A) del\u00a0<\/span><span>Centro para el Desarrollo Tecnol\u00f3gico Industrial (<\/span><a href=\"https:\/\/www.cdti.es\/\" target=\"_blank\" rel=\"noopener\"><span>CDTI<\/span><\/a><span>)\u00a0<\/span><span>son\u00a0<strong>ayudas parcialmente reembolsables<\/strong>\u00a0orientadas a impulsar tus\u00a0<strong>proyectos empresariales de innovaci\u00f3n tecnol\u00f3gica<\/strong>.<\/span><\/p>\n<p>[\/et_pb_text][et_pb_text _builder_version=\u00bb4.19.5&#8243; _module_preset=\u00bbdefault\u00bb header_2_font=\u00bbAbel||||||||\u00bb global_colors_info=\u00bb{}\u00bb]<\/p>\n<h2><b>Caracter\u00edsticas comunes de ambas ayudas<\/b><\/h2>\n<p>[\/et_pb_text][et_pb_text _builder_version=\u00bb4.19.5&#8243; _module_preset=\u00bbdefault\u00bb text_font=\u00bbAbel||||||||\u00bb text_font_size=\u00bb17px\u00bb global_colors_info=\u00bb{}\u00bb]<\/p>\n<ul>\n<li>Dirigida a empresas espa\u00f1olas.<\/li>\n<li>Financiaci\u00f3n de hasta el 75% del presupuesto aprobado de proyectos de al menos 175.000 \u20ac y una duraci\u00f3n de entre 6 y 24 meses.<\/li>\n<li>Cubren gastos relacionados con materiales, personal y, tambi\u00e9n, los derivados de patentes y derechos de propiedad intelectual, entre otros.<\/li>\n<li>Convocatorias abiertas todo el a\u00f1o.<\/li>\n<\/ul>\n<p>[\/et_pb_text][et_pb_text _builder_version=\u00bb4.19.5&#8243; _module_preset=\u00bbdefault\u00bb header_2_font=\u00bbAbel||||||||\u00bb global_colors_info=\u00bb{}\u00bb]<\/p>\n<h2><b>Descubre m\u00e1s sobre las ayudas de CDTI para Proyectos de Innovaci\u00f3n Tecnol\u00f3gica (LIC y LIC A)<\/b><\/h2>\n<p>[\/et_pb_text][et_pb_video src=\u00bbhttps:\/\/www.youtube.com\/watch?v=7jc1HBmQ7I8&#8243; _builder_version=\u00bb4.19.5&#8243; _module_preset=\u00bbdefault\u00bb global_colors_info=\u00bb{}\u00bb][\/et_pb_video][\/et_pb_column][et_pb_column type=\u00bb1_2&#8243; _builder_version=\u00bb4.19.5&#8243; _module_preset=\u00bbdefault\u00bb overflow-y=\u00bbvisible\u00bb global_colors_info=\u00bb{}\u00bb][et_pb_text _builder_version=\u00bb4.19.5&#8243; _module_preset=\u00bbdefault\u00bb header_2_font=\u00bbAbel||||||||\u00bb global_colors_info=\u00bb{}\u00bb]<\/p>\n<h2><b>\u00bfQuieres optimizar tu estrategia fiscal?<\/b><\/h2>\n<p>[\/et_pb_text][et_pb_code _builder_version=\u00bb4.19.5&#8243; _module_preset=\u00bbdefault\u00bb hover_enabled=\u00bb0&#8243; sticky_enabled=\u00bb0&#8243;]<div class=\"forminator-ui forminator-custom-form forminator-custom-form-637 forminator-design--default  forminator_ajax\" data-forminator-render=\"0\" data-form=\"forminator-module-637\" data-uid=\"69ed44333feae\"><br\/><\/div><form\n\t\t\t\tid=\"forminator-module-637\"\n\t\t\t\tclass=\"forminator-ui forminator-custom-form forminator-custom-form-637 forminator-design--default  forminator_ajax\"\n\t\t\t\tmethod=\"post\"\n\t\t\t\tdata-forminator-render=\"0\"\n\t\t\t\tdata-form-id=\"637\"\n\t\t\t\t data-color-option=\"default\" data-design=\"default\" data-grid=\"open\" style=\"display: none;\"\n\t\t\t\tdata-uid=\"69ed44333feae\"\n\t\t\t><div role=\"alert\" aria-live=\"polite\" class=\"forminator-response-message forminator-error\" aria-hidden=\"true\"><\/div><div class=\"forminator-row\"><div id=\"name-1\" class=\"forminator-field-name forminator-col forminator-col-12 \"><div class=\"forminator-field\"><label for=\"forminator-field-name-1_69ed44333feae\" id=\"forminator-field-name-1_69ed44333feae-label\" class=\"forminator-label\">Nombre <span class=\"forminator-required\">*<\/span><\/label><input type=\"text\" name=\"name-1\" value=\"\" placeholder=\"\" id=\"forminator-field-name-1_69ed44333feae\" class=\"forminator-input forminator-name--field\" aria-required=\"true\" autocomplete=\"name\" \/><\/div><\/div><\/div><div class=\"forminator-row\"><div id=\"name-2\" class=\"forminator-field-name forminator-col forminator-col-12 \"><div class=\"forminator-field\"><label for=\"forminator-field-name-2_69ed44333feae\" id=\"forminator-field-name-2_69ed44333feae-label\" class=\"forminator-label\">Apellidos<\/label><input type=\"text\" name=\"name-2\" value=\"\" placeholder=\"\" id=\"forminator-field-name-2_69ed44333feae\" class=\"forminator-input forminator-name--field\" aria-required=\"false\" autocomplete=\"name\" \/><\/div><\/div><\/div><div class=\"forminator-row\"><div id=\"email-1\" class=\"forminator-field-email forminator-col forminator-col-12 \"><div class=\"forminator-field\"><label for=\"forminator-field-email-1_69ed44333feae\" id=\"forminator-field-email-1_69ed44333feae-label\" class=\"forminator-label\">Correo electr\u00f3nico <span class=\"forminator-required\">*<\/span><\/label><input type=\"email\" name=\"email-1\" value=\"\" placeholder=\"\" id=\"forminator-field-email-1_69ed44333feae\" class=\"forminator-input forminator-email--field\" data-required=\"1\" aria-required=\"true\" autocomplete=\"email\" \/><\/div><\/div><\/div><div class=\"forminator-row\"><div id=\"select-1\" class=\"forminator-field-select forminator-col forminator-col-12 \"><div class=\"forminator-field\"><label for=\"forminator-form-637__field--select-1_69ed44333feae\" id=\"forminator-form-637__field--select-1_69ed44333feae-label\" class=\"forminator-label\">Seleccionar<\/label><select  id=\"forminator-form-637__field--select-1_69ed44333feae\" class=\"forminator-select--field forminator-select2 forminator-select2-multiple\" data-required=\"\" name=\"select-1\" data-default-value=\"Option 1\" data-placeholder=\"\" data-search=\"false\" data-search-placeholder=\"\" data-checkbox=\"false\" data-allow-clear=\"false\" aria-labelledby=\"forminator-form-637__field--select-1_69ed44333feae-label\"><option value=\"Option 1\" selected=\"selected\" data-calculation=\"0\">\u00c1lava<\/option><option value=\"Option 2\"  data-calculation=\"0\">Albacete<\/option><option value=\"Option 3\"  data-calculation=\"0\">Alicante<\/option><option value=\"Option 4\"  data-calculation=\"0\">Almer\u00eda<\/option><option value=\"Option 5\"  data-calculation=\"0\">Asturias<\/option><option value=\"Option 6\"  data-calculation=\"0\">\u00c1vila<\/option><option value=\"Option 7\"  data-calculation=\"0\">Badajoz<\/option><option value=\"Option 8\"  data-calculation=\"0\">Baleares<\/option><option value=\"Option 9\"  data-calculation=\"0\">Barcelona<\/option><option value=\"Option 10\"  data-calculation=\"0\">Burgos<\/option><option value=\"Option 11\"  data-calculation=\"0\">C\u00e1ceres<\/option><option value=\"Option 12\"  data-calculation=\"0\">C\u00e1diz<\/option><option value=\"Option 13\"  data-calculation=\"0\">Cantabria<\/option><option value=\"Option 14\"  data-calculation=\"0\">Castell\u00f3n<\/option><option value=\"Option 15\"  data-calculation=\"0\">Ceuta<\/option><option value=\"Option 16\"  data-calculation=\"0\">Ciudad Real<\/option><option value=\"Option 17\"  data-calculation=\"0\">C\u00f3rdoba<\/option><option value=\"Option 18\"  data-calculation=\"0\">Cuenca<\/option><option value=\"Option 19\"  data-calculation=\"0\">Gerona\/Girona<\/option><option value=\"Option 20\"  data-calculation=\"0\">Granada<\/option><option value=\"Option 21\"  data-calculation=\"0\">Guadalajara<\/option><option value=\"Option 22\"  data-calculation=\"0\">Guip\u00fazcoa<\/option><option value=\"Option 23\"  data-calculation=\"0\">Huelva<\/option><option value=\"Option 24\"  data-calculation=\"0\">Huesca<\/option><option value=\"Option 25\"  data-calculation=\"0\">Ja\u00e9n<\/option><option value=\"Option 26\"  data-calculation=\"0\">La Coru\u00f1a<\/option><option value=\"Option 27\"  data-calculation=\"0\">La Rioja<\/option><option value=\"Option 28\"  data-calculation=\"0\">Las Palmas<\/option><option value=\"Option 29\"  data-calculation=\"0\">Le\u00f3n<\/option><option value=\"Option 30\"  data-calculation=\"0\">Lleida<\/option><option value=\"Option 31\"  data-calculation=\"0\">Lugo<\/option><option value=\"Option 32\"  data-calculation=\"0\">Madrid<\/option><option value=\"Option 33\"  data-calculation=\"0\">M\u00e1laga<\/option><option value=\"Option 34\"  data-calculation=\"0\">Melilla<\/option><option value=\"Option 35\"  data-calculation=\"0\">Murcia<\/option><option value=\"Option 36\"  data-calculation=\"0\">Navarra<\/option><option value=\"Option 37\"  data-calculation=\"0\">Orense<\/option><option value=\"Option 38\"  data-calculation=\"0\">Palencia<\/option><option value=\"Option 39\"  data-calculation=\"0\">Pontevedra<\/option><option value=\"Option 40\"  data-calculation=\"0\">Salamanca<\/option><option value=\"Option 41\"  data-calculation=\"0\">Segovia<\/option><option value=\"Option 42\"  data-calculation=\"0\">Sevilla<\/option><option value=\"Option 43\"  data-calculation=\"0\">Soria<\/option><option value=\"Option 44\"  data-calculation=\"0\">Tarragona<\/option><option value=\"Option 45\"  data-calculation=\"0\">Tenerife<\/option><option value=\"Option 46\"  data-calculation=\"0\">Teruel<\/option><option value=\"Option 47\"  data-calculation=\"0\">Toledo<\/option><option value=\"Option 48\"  data-calculation=\"0\">Valencia<\/option><option value=\"Option 49\"  data-calculation=\"0\">Valladolid<\/option><option value=\"Option 50\"  data-calculation=\"0\">Vizcaya<\/option><option value=\"Option 51\"  data-calculation=\"0\">Zamora<\/option><option value=\"Option 52\"  data-calculation=\"0\">Zaragoza<\/option><\/select><\/div><\/div><\/div><div class=\"forminator-row\"><div id=\"phone-1\" class=\"forminator-field-phone forminator-col forminator-col-12 \"><div class=\"forminator-field\"><label for=\"forminator-field-phone-1_69ed44333feae\" id=\"forminator-field-phone-1_69ed44333feae-label\" class=\"forminator-label\">Tel\u00e9fono <span class=\"forminator-required\">*<\/span><\/label><input type=\"text\" name=\"phone-1\" value=\"\" placeholder=\"\" id=\"forminator-field-phone-1_69ed44333feae\" class=\"forminator-input forminator-field--phone\" data-required=\"1\" aria-required=\"true\" autocomplete=\"off\" \/><\/div><\/div><\/div><div class=\"forminator-row\"><div id=\"radio-1\" class=\"forminator-field-radio forminator-col forminator-col-12 \"><div role=\"radiogroup\" class=\"forminator-field\" aria-labelledby=\"forminator-radiogroup-radio-1-69ed44333feae-label\" aria-describedby=\"forminator-radiogroup-radio-1-69ed44333feae-description\"><span id=\"forminator-radiogroup-radio-1-69ed44333feae-label\" class=\"forminator-label\">Radio<\/span><label id=\"forminator-field-radio-1-label-1\" for=\"forminator-field-radio-1-1-69ed44333feae\" class=\"forminator-radio\" title=\"Financiaci\u00f3n\"><input type=\"radio\" name=\"radio-1\" value=\"one\" id=\"forminator-field-radio-1-1-69ed44333feae\" aria-labelledby=\"forminator-field-radio-1-label-1\" data-calculation=\"0\"   aria-describedby=\"forminator-field-radio-1-69ed44333feae-description\"\/><span class=\"forminator-radio-bullet\" aria-hidden=\"true\"><\/span><span class=\"forminator-radio-label\">Financiaci\u00f3n<\/span><\/label><label id=\"forminator-field-radio-1-label-2\" for=\"forminator-field-radio-1-2-69ed44333feae\" class=\"forminator-radio\" title=\"Tecnolog\u00eda\"><input type=\"radio\" name=\"radio-1\" value=\"two\" id=\"forminator-field-radio-1-2-69ed44333feae\" aria-labelledby=\"forminator-field-radio-1-label-2\" data-calculation=\"0\"   aria-describedby=\"forminator-field-radio-1-69ed44333feae-description\"\/><span class=\"forminator-radio-bullet\" aria-hidden=\"true\"><\/span><span class=\"forminator-radio-label\">Tecnolog\u00eda<\/span><\/label><span id=\"forminator-radiogroup-radio-1-69ed44333feae-description\" class=\"forminator-description\">Selecciona servicio<\/span><\/div><\/div><\/div><div class=\"forminator-row\"><div id=\"textarea-1\" class=\"forminator-field-textarea forminator-col forminator-col-12 \"><div class=\"forminator-field\"><label for=\"forminator-field-textarea-1_69ed44333feae\" id=\"forminator-field-textarea-1_69ed44333feae-label\" class=\"forminator-label\">Texto<\/label><textarea name=\"textarea-1\" placeholder=\"Cu\u00e9ntanos algo m\u00e1s:\" id=\"forminator-field-textarea-1_69ed44333feae\" class=\"forminator-textarea\" rows=\"6\" style=\"min-height:140px;\" ><\/textarea><\/div><\/div><\/div><div class=\"forminator-row\"><div id=\"consent-1\" class=\"forminator-field-consent forminator-col forminator-col-12 \"><div class=\"forminator-field\"><label for=\"forminator-field-consent-1_69ed44333feae\" id=\"forminator-field-consent-1_69ed44333feae-label\" class=\"forminator-label\">LOPD <span class=\"forminator-required\">*<\/span><\/label><div class=\"forminator-checkbox__wrapper\"><label id=\"forminator-field-consent-1_69ed44333feae__label\" class=\"forminator-checkbox forminator-consent\" aria-labelledby=\"forminator-field-consent-1_69ed44333feae-label\"><input type=\"checkbox\" name=\"consent-1\" id=\"forminator-field-consent-1_69ed44333feae\" value=\"checked\" aria-labelledby=\"forminator-field-consent-1_69ed44333feae-label\" aria-describedby=\"forminator-field-consent-1_69ed44333feae__description\" data-required=\"true\" aria-required=\"true\" \/><span class=\"forminator-checkbox-box\" aria-hidden=\"true\"><\/span><\/label><div id=\"forminator-field-consent-1_69ed44333feae__description\" class=\"forminator-checkbox__label forminator-consent__label\"><p>S\u00ed, acepto la <a href=\"https:\/\/adaptabc.es\/politica-de-privacidad\" target=\"_blank\" rel=\"noopener\">pol\u00edtica de privacidad<\/a> y los <a href=\"https:\/\/adaptabc.es\/aviso-legal\" target=\"_blank\" rel=\"noopener\">t\u00e9rminos y condiciones<\/a>.<\/p><\/div><\/div><\/div><\/div><\/div><input type=\"hidden\" name=\"referer_url\" value=\"\" \/><div class=\"forminator-row forminator-row-last\"><div class=\"forminator-col\"><div class=\"forminator-field\"><button class=\"forminator-button forminator-button-submit\">Enviar mensaje<\/button><\/div><\/div><\/div><input type=\"hidden\" id=\"forminator_nonce\" name=\"forminator_nonce\" value=\"e8f4dd1367\" \/><input type=\"hidden\" name=\"_wp_http_referer\" value=\"\/en\/wp-json\/wp\/v2\/pages\/508\" \/><input type=\"hidden\" name=\"form_id\" value=\"637\"><input type=\"hidden\" name=\"page_id\" value=\"508\"><input type=\"hidden\" name=\"form_type\" value=\"default\"><input type=\"hidden\" name=\"current_url\" value=\"https:\/\/adaptabc.es\/en\/financiacion-inversores\"><input type=\"hidden\" name=\"render_id\" value=\"0\"><input type=\"hidden\" name=\"action\" value=\"forminator_submit_form_custom-forms\"><\/form>[\/et_pb_code][\/et_pb_column][\/et_pb_row][\/et_pb_section]<\/p>\n","protected":false},"excerpt":{"rendered":"<p>Financiaci\u00f3n: InversoresServicios &gt; Financiaci\u00f3n&gt;Financiaci\u00f3n: InversoresTe ayudamos a conseguir las ayudas LIC o LIC ALa L\u00ednea Directa de Innovaci\u00f3n (LIC) y la L\u00ednea Directa de Expansi\u00f3n (LIC A) del\u00a0Centro para el Desarrollo Tecnol\u00f3gico Industrial (CDTI)\u00a0son\u00a0ayudas parcialmente reembolsables\u00a0orientadas a impulsar tus\u00a0proyectos empresariales de innovaci\u00f3n tecnol\u00f3gica.Caracter\u00edsticas comunes de ambas ayudas Dirigida a empresas espa\u00f1olas. Financiaci\u00f3n de hasta el [&hellip;]<\/p>\n","protected":false},"author":1,"featured_media":0,"parent":0,"menu_order":0,"comment_status":"closed","ping_status":"closed","template":"","meta":{"_et_pb_use_builder":"on","_et_pb_old_content":"","_et_gb_content_width":"","_joinchat":[],"footnotes":""},"class_list":["post-508","page","type-page","status-publish","hentry"],"_links":{"self":[{"href":"https:\/\/adaptabc.es\/en\/wp-json\/wp\/v2\/pages\/508","targetHints":{"allow":["GET"]}}],"collection":[{"href":"https:\/\/adaptabc.es\/en\/wp-json\/wp\/v2\/pages"}],"about":[{"href":"https:\/\/adaptabc.es\/en\/wp-json\/wp\/v2\/types\/page"}],"author":[{"embeddable":true,"href":"https:\/\/adaptabc.es\/en\/wp-json\/wp\/v2\/users\/1"}],"replies":[{"embeddable":true,"href":"https:\/\/adaptabc.es\/en\/wp-json\/wp\/v2\/comments?post=508"}],"version-history":[{"count":3,"href":"https:\/\/adaptabc.es\/en\/wp-json\/wp\/v2\/pages\/508\/revisions"}],"predecessor-version":[{"id":644,"href":"https:\/\/adaptabc.es\/en\/wp-json\/wp\/v2\/pages\/508\/revisions\/644"}],"wp:attachment":[{"href":"https:\/\/adaptabc.es\/en\/wp-json\/wp\/v2\/media?parent=508"}],"curies":[{"name":"wp","href":"https:\/\/api.w.org\/{rel}","templated":true}]}}