{"id":174,"date":"2023-01-25T12:07:27","date_gmt":"2023-01-25T12:07:27","guid":{"rendered":"https:\/\/adaptabc.es\/?page_id=174"},"modified":"2023-01-26T07:23:14","modified_gmt":"2023-01-26T07:23:14","slug":"politica-de-cookies","status":"publish","type":"page","link":"https:\/\/adaptabc.es\/en\/politica-de-cookies","title":{"rendered":"Cookie Policy"},"content":{"rendered":"<p>[et_pb_section fb_built=\u00bb1&#8243; _builder_version=\u00bb4.19.4&#8243; _module_preset=\u00bbdefault\u00bb global_colors_info=\u00bb{}\u00bb][et_pb_row _builder_version=\u00bb4.19.4&#8243; _module_preset=\u00bbdefault\u00bb hover_enabled=\u00bb0&#8243; global_colors_info=\u00bb{}\u00bb sticky_enabled=\u00bb0&#8243;][et_pb_column type=\u00bb4_4&#8243; _builder_version=\u00bb4.19.4&#8243; _module_preset=\u00bbdefault\u00bb global_colors_info=\u00bb{}\u00bb][et_pb_text _builder_version=\u00bb4.19.4&#8243; _module_preset=\u00bbdefault\u00bb hover_enabled=\u00bb0&#8243; global_colors_info=\u00bb{}\u00bb text_font=\u00bbAbel|700|||||||\u00bb text_font_size=\u00bb16px\u00bb header_font=\u00bbAbel|700|||||||\u00bb header_font_size=\u00bb39px\u00bb header_text_color=\u00bb#ee7200&#8243; sticky_enabled=\u00bb0&#8243;]<\/p>\n<div class=\"et_pb_module et_pb_text et_pb_text_0  et_pb_text_align_left et_pb_bg_layout_light\">\n<div class=\"et_pb_text_inner\">\n<h1>Pol\u00edtica de Cookies<\/h1>\n<\/div>\n<\/div>\n<div class=\"et_pb_module et_pb_text et_pb_text_1  et_pb_text_align_left et_pb_bg_layout_light\">\n<div class=\"et_pb_text_inner\">\n<p>Le informamos de que en www.ADAPTA BUSINNES CONSULTING, S.L..es utilizamos cookies con objeto de facilitar el uso y navegaci\u00f3n a trav\u00e9s de la p\u00e1gina web y mejorar la calidad de la p\u00e1gina de acuerdo a los h\u00e1bitos y estilos de navegaci\u00f3n de los usuarios.<\/p>\n<h2><strong>1. \u00bfQu\u00e9 son las cookies?<\/strong><\/h2>\n<p>Son ficheros que se descargan en el ordenador, smartphone o tableta del usuario cuando accede a una p\u00e1gina web y permiten al titular de dicha p\u00e1gina almacenar o recuperar determinada informaci\u00f3n sobre m\u00faltiples variables, como por ejemplo; el n\u00famero de veces que la p\u00e1gina ha sido visitada por el usuario, garantizar la sesi\u00f3n del usuario mientras navega por la p\u00e1gina, etc. Es necesario se\u00f1alar que el bloqueo de la totalidad de las cookies puede inhabilitar ciertos servicios y funcionalidades www.adaptabc.es.<\/p>\n<p>M\u00e1s informaci\u00f3n en www.adaptabc.es en: Condiciones de Uso y Pol\u00edtica de Privacidad.<\/p>\n<h2><strong>2. Tipolog\u00eda de cookies<\/strong><\/h2>\n<p>A continuaci\u00f3n ofrecemos informaci\u00f3n sobre el tipo de cookies utilizadas en www.adaptabc.es y la finalidad de las mismas:<\/p>\n<h3>2.1. Tipos de cookies seg\u00fan la entidad que las gestione<\/h3>\n<p>Seg\u00fan quien sea la entidad que gestione el equipo o dominio desde donde se env\u00edan las cookies y trate los datos que se obtengan, podemos distinguir:<\/p>\n<p><strong>Cookies propias<\/strong>: Son aqu\u00e9llas que se env\u00edan al equipo terminal del usuario desde www.adaptabc.es<\/p>\n<p><strong>Cookies de terceros<\/strong>: Son aqu\u00e9llas que se env\u00edan al equipo terminal del usuario desde un equipo o dominio que no es gestionado por el editor, sino por otra entidad que trata los datos obtenidos trav\u00e9s de las cookies, como www.google.com, www.youtube.com<\/p>\n<h3>2.2. Tipos de cookies seg\u00fan el plazo de tiempo que permanecen activadas en el equipo terminal<\/h3>\n<p><strong>Cookies de sesi\u00f3n<\/strong>: Son un tipo de cookies dise\u00f1adas para recabar y almacenar datos mientras el usuario accede a una p\u00e1gina web. Como su propio nombre indica, estas cookies se almacenan en su terminal hasta que finalice la sesi\u00f3n de navegaci\u00f3n del usuario<\/p>\n<p><strong>Cookies persistentes<\/strong>: Son un tipo de cookies en el que los datos siguen almacenados en el terminal y pueden ser accedidos y tratados durante un periodo definido por el responsable de la cookie, y que puede ir de unos minutos a varios a\u00f1os.<\/p>\n<h3>2.3. Tipos de cookies seg\u00fan su finalidad<\/h3>\n<p><strong>Cookies t\u00e9cnicas<\/strong>: Son aquellas que permiten al usuario la navegaci\u00f3n a trav\u00e9s del Portal y la utilizaci\u00f3n de las diferentes opciones o servicios que est\u00e1n disponibles como, por ejemplo, controlar el tr\u00e1fico y la comunicaci\u00f3n de datos, identificar el tipo de navegador, identificar la sesi\u00f3n, acceder a \u00e1reas de acceso restringido, utilizar los servicios puestos a disposici\u00f3n del usuario, utilizar elementos de seguridad durante la navegaci\u00f3n, identificar preferencias del usuario o compartir contenidos a trav\u00e9s de redes sociales. Este tipo de cookies mejoran la experiencia del usuario, al optimizar el rendimiento con base en la informaci\u00f3n recogida.<\/p>\n<p><strong>Cookies de publicidad comportamental<\/strong>: son aqu\u00e9llas que permiten la gesti\u00f3n, de la forma m\u00e1s eficaz posible, de los espacios publicitarios incluidos en el Portal. Estas cookies almacenan informaci\u00f3n del comportamiento de los usuarios obtenida a trav\u00e9s de la observaci\u00f3n continuada de sus h\u00e1bitos de navegaci\u00f3n, lo que permite desarrollar un perfil espec\u00edfico para mostrar publicidad en funci\u00f3n del mismo. En el Portal se utilizan cookies de publicidad comportamental de Iperceptions Inc., ShareThis, Inc., Gigya Inc., Oracle America, Inc. Twitter, Inc. y Facebook, Inc. de sesi\u00f3n y persistentes.<\/p>\n<p><strong>Cookies anal\u00edticas<\/strong>: Son aqu\u00e9llas que nos permiten cuantificar el n\u00famero de usuarios y as\u00ed realizar la medici\u00f3n y an\u00e1lisis estad\u00edstico de la utilizaci\u00f3n que hacen los usuarios de nuestra web. Para ello se analiza su navegaci\u00f3n en nuestra p\u00e1gina web con el fin de mejorarla. En www.adea.es se utilizan cookies anal\u00edticas, propias, de sesi\u00f3n y persistentes, para esta finalidad, concretamente cookies de Google Analytics que tienen distintos plazos de caducidad en funci\u00f3n de la informaci\u00f3n que nos ofrecen. Terceros como Google, Youtube, Twitter o Shareaholic tambi\u00e9n usan este tipo de cookies anal\u00edticas de sesi\u00f3n y persistentes.Pueden definirse preferencias respecto del uso de este tipo de cookies, publicitarias y anal\u00edticas, a trav\u00e9s de los siguientes enlaces:<\/p>\n<p>https:\/\/tools.google.com\/dlpage\/gaoptout<br \/>http:\/\/www.youronlinechoices.com\/es\/<br \/>Para m\u00e1s informaci\u00f3n:<br \/>http:\/\/www.google.es\/intl\/es\/analytics\/privacyoverview.html<br \/>https:\/\/www.google.es\/intl\/es\/policies\/privacy\/<br \/>https:\/\/analitycs.shareaholic.com\/<\/p>\n<h1><strong>3. \u00bfQui\u00e9n utiliza las cookies?<\/strong><\/h1>\n<p>La informaci\u00f3n que se recaba a trav\u00e9s de las cookies de una p\u00e1gina web puede ser utilizada tanto por el titular de la p\u00e1gina web o como por un tercero que preste un servicio al titular. En este sentido, la informaci\u00f3n de las cookies utilizadas en www.databoxsl.es es tratada por DATABOX S.L.,y por terceros, como Google respecto del comportamiento de usuarios.<\/p>\n<h3>4. Cookies que instala la web<\/h3>\n<div>\n<p align=\"center\"><span><b>COOKIES DE TERCEROS<\/b><\/span><\/p>\n<table border=\"1px\" width=\"978\" cellspacing=\"0\" cellpadding=\"6\">\n<colgroup>\n<col width=\"166\" \/>\n<col width=\"233\" \/>\n<col width=\"339\" \/>\n<col width=\"85\" \/>\n<col width=\"106\" \/><\/colgroup>\n<tbody>\n<tr>\n<td width=\"166\">\n<p align=\"center\"><span><b>Sitio<\/b><\/span><\/p>\n<\/td>\n<td width=\"233\">\n<p align=\"center\"><span><b>Nombre cookie<\/b><\/span><\/p>\n<\/td>\n<td width=\"339\">\n<p align=\"center\"><span><b>Descripci\u00f3n<\/b><\/span><\/p>\n<\/td>\n<td width=\"85\">\n<p align=\"center\"><span><b>Duraci\u00f3n<\/b><\/span><\/p>\n<\/td>\n<td width=\"106\">\n<p align=\"center\"><span><b>Dominio\/Propietario<\/b><\/span><\/p>\n<\/td>\n<\/tr>\n<tr>\n<td rowspan=\"23\" width=\"166\">\n<p align=\"center\"><span>adaptabc.es<\/span><\/p>\n<\/td>\n<td width=\"233\">\n<p align=\"center\"><span>Las que comienzan por _ga, _gi y _gac<\/span><\/p>\n<\/td>\n<td width=\"339\">\n<p align=\"center\"><span>Se utiliza por medio de google Analytics para fines estad\u00edticos y medici\u00f3n interna de las visitas<\/span><\/p>\n<\/td>\n<td width=\"85\">\n<p align=\"center\"><span>6 meses<\/span><\/p>\n<\/td>\n<td rowspan=\"23\" width=\"106\">\n<p align=\"center\"><span><u><a href=\"http:\/\/www.google.com\/\">Google, Inc.<\/a><\/u><\/span><\/p>\n<\/td>\n<\/tr>\n<\/tbody>\n<\/table>\n<\/div>\n<p>&nbsp;<\/p>\n<h3>5. Gesti\u00f3n de las cookies<\/h3>\n<p>Teniendo en cuenta la informaci\u00f3n facilitada a trav\u00e9s de la presente Pol\u00edtica de cookies, a continuaci\u00f3nle ofrecemos informaci\u00f3n sobre c\u00f3mo puede llevar a cabo la gesti\u00f3n de las cookies utilizadas en www.adaptabc.es a trav\u00e9s de las diferentes opciones que ofrecen los navegadores m\u00e1s comunes (Explorer, Firefox y Chrome). Si se impide la instalaci\u00f3n de todas las cookies de la p\u00e1gina web, algunas funcionalidades de la misma, as\u00ed como algunos contenidos pueden verse afectados.<\/p>\n<h4>5.1. Como visualizar las cookies<\/h4>\n<p>Todos los navegadores ofrecen al usuario la posibilidad de buscar y visualizar las cookies que instala un determinado sitio web, obtener informaci\u00f3n relativa a la duraci\u00f3n de las mismas y la posibilidad de eliminarlas, tal y como se indica en el siguiente apartado. A continuaci\u00f3n, se muestran una serie de enlaces informativos sobre esta cuesti\u00f3n de los navegadores m\u00e1s utilizados<\/p>\n<ul>\n<li>Google Chrome: https:\/\/support.google.com\/chrome\/answer\/95647?hl=es<\/li>\n<li>Mozilla Firefox: https:\/\/support.mozilla.org\/es\/kb\/cookies-informacion-que-los-sitios-web-guardan-en-<\/li>\n<li>Internet Explorer:http:\/\/windows.microsoft.com\/es-es\/internet-explorer\/delete-manage-cookies#ie=ie-11<\/li>\n<\/ul>\n<h4>5.2. C\u00f3mo desactivar o eliminar las cookies<\/h4>\n<p>Para desactivar, restringir, bloquear o eliminar las cookies, el usuario deber\u00e1 modificar la configuraci\u00f3n del navegador que utilice en su terminal, ya sea ordenador, smartphone o tablet. Con car\u00e1cter general los navegadores ofrecen las siguientes opciones de configuraci\u00f3n en relaci\u00f3n a la instalaci\u00f3n de cookies:<\/p>\n<ul>\n<li>Que el navegador rechace todas las cookies y por lo tanto, que no se instale ninguna cookie de ninguna p\u00e1gina web en su terminal.<\/li>\n<li>Que el navegador le avise antes de que se produzca la instalaci\u00f3n de la cookie para que usted decida si acepta o no la instalaci\u00f3n de la misma.<\/li>\n<li>Que el navegador \u00fanicamente rechace las cookies de terceros de los sitios web que visita pero no las utilizadas por el sitio web por el que usted navega.<\/li>\n<li>La opci\u00f3n de navegaci\u00f3n en modo privado mediante la cual, las cookies se instalan en el terminalpero se eliminan de manera autom\u00e1tica cuando finaliza la navegaci\u00f3n por la p\u00e1gina web:<br \/><strong>Google Chrome<\/strong>: https:\/\/support.google.com\/chrome\/answer\/95464?hl=es<br \/><strong>Mozilla Firefox<\/strong>: https:\/\/support.mozilla.org\/es\/kb\/navegacion-privada-Firefox-no-guardar-historial-navegacion<br \/><strong>Internet Explorer<\/strong>: http:\/\/windows.microsoft.com\/es-ES\/windows-8\/help-protect-yourself-ie-10?ocid=IE10_priv_browsing#firstTabControl=tab1<\/li>\n<\/ul>\n<\/div>\n<\/div>\n<p>[\/et_pb_text][\/et_pb_column][\/et_pb_row][\/et_pb_section]<\/p>\n","protected":false},"excerpt":{"rendered":"<p>Pol\u00edtica de Cookies Le informamos de que en www.ADAPTA BUSINNES CONSULTING, S.L..es utilizamos cookies con objeto de facilitar el uso y navegaci\u00f3n a trav\u00e9s de la p\u00e1gina web y mejorar la calidad de la p\u00e1gina de acuerdo a los h\u00e1bitos y estilos de navegaci\u00f3n de los usuarios. 1. \u00bfQu\u00e9 son las cookies? Son ficheros que [&hellip;]<\/p>\n","protected":false},"author":1,"featured_media":0,"parent":0,"menu_order":0,"comment_status":"closed","ping_status":"closed","template":"","meta":{"_et_pb_use_builder":"on","_et_pb_old_content":"","_et_gb_content_width":"","_joinchat":[],"footnotes":""},"class_list":["post-174","page","type-page","status-publish","hentry"],"_links":{"self":[{"href":"https:\/\/adaptabc.es\/en\/wp-json\/wp\/v2\/pages\/174","targetHints":{"allow":["GET"]}}],"collection":[{"href":"https:\/\/adaptabc.es\/en\/wp-json\/wp\/v2\/pages"}],"about":[{"href":"https:\/\/adaptabc.es\/en\/wp-json\/wp\/v2\/types\/page"}],"author":[{"embeddable":true,"href":"https:\/\/adaptabc.es\/en\/wp-json\/wp\/v2\/users\/1"}],"replies":[{"embeddable":true,"href":"https:\/\/adaptabc.es\/en\/wp-json\/wp\/v2\/comments?post=174"}],"version-history":[{"count":6,"href":"https:\/\/adaptabc.es\/en\/wp-json\/wp\/v2\/pages\/174\/revisions"}],"predecessor-version":[{"id":283,"href":"https:\/\/adaptabc.es\/en\/wp-json\/wp\/v2\/pages\/174\/revisions\/283"}],"wp:attachment":[{"href":"https:\/\/adaptabc.es\/en\/wp-json\/wp\/v2\/media?parent=174"}],"curies":[{"name":"wp","href":"https:\/\/api.w.org\/{rel}","templated":true}]}}