{"id":171,"date":"2023-01-25T12:06:13","date_gmt":"2023-01-25T12:06:13","guid":{"rendered":"https:\/\/adaptabc.es\/?page_id=171"},"modified":"2026-03-05T19:09:52","modified_gmt":"2026-03-05T19:09:52","slug":"aviso-legal","status":"publish","type":"page","link":"https:\/\/adaptabc.es\/en\/aviso-legal","title":{"rendered":"Aviso Legal"},"content":{"rendered":"<p>[et_pb_section fb_built=\u00bb1&#8243; _builder_version=\u00bb4.19.4&#8243; _module_preset=\u00bbdefault\u00bb global_colors_info=\u00bb{}\u00bb][et_pb_row _builder_version=\u00bb4.19.4&#8243; _module_preset=\u00bbdefault\u00bb global_colors_info=\u00bb{}\u00bb][et_pb_column type=\u00bb4_4&#8243; _builder_version=\u00bb4.19.4&#8243; _module_preset=\u00bbdefault\u00bb global_colors_info=\u00bb{}\u00bb][et_pb_text _builder_version=\u00bb4.19.4&#8243; _module_preset=\u00bbdefault\u00bb global_colors_info=\u00bb{}\u00bb]<\/p>\n<div class=\"et_pb_row et_pb_row_0\">\n<div class=\"et_pb_column et_pb_column_4_4 et_pb_column_0  et_pb_css_mix_blend_mode_passthrough et-last-child\">\n<div class=\"et_pb_module et_pb_text et_pb_text_0  et_pb_text_align_left et_pb_bg_layout_light\">\n<div class=\"et_pb_text_inner\">\n<p>Condiciones legales<\/p>\n<\/div>\n<\/div>\n<\/div>\n<\/div>\n<div class=\"et_pb_row et_pb_row_1\">\n<div class=\"et_pb_column et_pb_column_4_4 et_pb_column_1  et_pb_css_mix_blend_mode_passthrough et-last-child\">\n<div class=\"et_pb_module et_pb_text et_pb_text_1  et_pb_text_align_left et_pb_bg_layout_light\">\n<div class=\"et_pb_text_inner\">\n<h2>CONDICIONES DE USO<\/h2>\n<h3>1. Definici\u00f3n de usuario<\/h3>\n<p>El acceso y\/o el uso de www.adaptabc.es y todos sus subdominios, denominados todos ellos de aqu\u00ed en adelante DOMINIOS DE ADAPTA BUSINNES CONSULTING, S.L. otorga a quien lo realiza la condici\u00f3n de usuario del mismo, aceptando desde ese momento y sin reserva alguna las presentes Condiciones de Uso, sin perjuicio de las Condiciones Particulares que pudiera establecer ADAPTA BUSINNES CONSULTING, S.L. , S.L., para la regulaci\u00f3n de determinados servicios y\/o contenidos. En caso de que el usuario sea menor de 13 a\u00f1os de edad habr\u00e1 de obtener previamente permiso de sus padres, tutores o representantes legales, quienes ser\u00e1n considerados responsables a todos los efectos de todos los actos realizados por los menores a su cargo.<\/p>\n<h3>2. Titular del sitio Web<\/h3>\n<p>El prestador de servicios de la sociedad de la informaci\u00f3n y titular del sitio es ADAPTA BUSINNES CONSULTING, S.L.., con domicilio en Calle Princesa de Eboli 2, 19100 PASTRANA (GUADALAJARA). con C.I.F.B44544716 y domicilio a efecto de notificaciones en la misma direcci\u00f3n.<\/p>\n<h3>3. Obligaciones del usuario<\/h3>\n<p>El usuario se obliga a usar los DOMINIOS DE ADAPTA BUSINNES CONSULTING, S.L. conforme a la legalidad vigente, la buena fe, el orden p\u00fablico y los usos y costumbres generalmente aceptados.<br \/>Asimismo, el usuario se obliga a no utilizar DOMINIOS DE ADAPTA BUSINNES CONSULTING, S.L. con fines il\u00edcitos o lesivos para los derechos y\/o intereses de ADAPTA BUSINNES CONSULTING, S.L. y\/o terceros, y a no causar perjuicios o impedir el normal funcionamiento de los DOMINIOS DE ADAPTA BUSINNES CONSULTING, S.L..<\/p>\n<h3>4. Responsabilidad del usuario<\/h3>\n<p>El uso que realice el usuario de los DOMINIOS DE ADAPTA BUSINNES CONSULTING, S.L. ser\u00e1 responsabilidad \u00fanica y exclusiva de este, manteniendo en todo caso indemne a ADAPTA BUSINNES CONSULTING, S.L. de cualquier da\u00f1o y\/o perjuicio que directa o indirectamente pudiera ocasionar, al propio usuario o a terceros, la no observaci\u00f3n de las presentes Condiciones de Uso por parte del usuario. En este sentido, ADAPTA BUSINNES CONSULTING, S.L. se reserva el derecho a denegar el acceso y\/o uso de los DOMINIOS DE ADAPTA BUSINNES CONSULTING\u00a0 o de cualquiera de sus contenidos y\/o servicios, a cualquier usuario que pudiera o hubiese incumplido las presentes Condiciones de Uso.<br \/>ADAPTA BUSINNES CONSULTING, S.L. pone en su conocimiento que las condiciones legales que regulan el uso o la Pol\u00edtica de Privacidad del sitio web son aceptadas expresa y plenamente por el mero hecho de acceder al sitio y\/o utilizar sus servicios y contenidos. Por ello, es su responsabilidad acceder a las condiciones legales que regulen el uso y la privacidad del sitio de forma peri\u00f3dica para conocer las sucesivas versiones que ADAPTA BUSINNES CONSULTING, S.L. publique.<\/p>\n<h3>5. Responsabilidades de ADAPTA BUSINNES CONSULTING, S.L.<\/h3>\n<p>AdeA no se hace responsable de los da\u00f1os y\/o perjuicios de cualquier naturaleza que pudiera sufrir el usuario o un tercero derivados de:<br \/>(1) que un tercero, quebrantando las medidas de seguridad establecidas por AdeA, utilice los DOMINIOS DE ADAPTA BUSINNES CONSULTING, S.L., sus contenidos o servicios para la remisi\u00f3n de virus, o acceda a realizar un tratamiento no autorizado de los datos almacenados por ADAPTA BUSINNES CONSULTING, S.L.;<br \/>(2) ni, en general, de cualquier uso de los DOMINIOS DE ADAPTA BUSINNES CONSULTING, S.L., sus servicios y\/o contenidos que pudiera realizar el usuario o un tercero, en contra de las condiciones de acceso y uso de los mismos establecidos por ADAPTA BUSINNES CONSULTING, S.L.. En este sentido, ADAPTA BUSINNES CONSULTING, S.L. se reserva el derecho a denegar el acceso y\/o uso de los DOMINIOS DE ADAPTA BUSINNES CONSULTING, S.L. o de cualquiera de sus contenidos y\/o servicios, a cualquier usuario que pudiera o hubiese incumplido las presentes Condiciones de Uso.<\/p>\n<h3>6. Autorizaci\u00f3n de uso de las marcas y logotipos<\/h3>\n<p>AdeA es titular de todos los derechos de propiedad industrial sobre la marca y logotipo referente a la denominaci\u00f3nADAPTA BUSINNES CONSULTING, S.L. y de los DOMINIOS DE ADAPTA BUSINNES CONSULTING, S.L.; as\u00ed como est\u00e1 legalmente habilitado para el uso de la marca ADAPTA BUSINNES CONSULTING, S.L.quedando expresamente prohibido el uso o reproducci\u00f3n de los mismos m\u00e1s all\u00e1 de los expresamente previstos en las presentes Condiciones de Uso.<\/p>\n<p>El acceso del usuario al sitio web, la prestaci\u00f3n de servicios y la publicaci\u00f3n de contenidos para su uso no implica en ning\u00fan caso la cesi\u00f3n, renuncia o transmisi\u00f3n, total o parcial por ADAPTA BUSINNES CONSULTING, S.L. de la titularidad de los correspondientes derechos de propiedad intelectual e industrial. De hecho, bajo ning\u00fan concepto, el usuario podr\u00e1 realizar un uso o utilizaci\u00f3n del sitio web, as\u00ed como de sus contenidos y servicios que no sea exclusivamente personal. Con excepci\u00f3n de los actos de reproducci\u00f3n provisional, transitorios o accesorios que formen parte integrante del proceso tecnol\u00f3gico para facilitarte el acceso y disfrute del sitio web, ninguna parte de este puede ser reproducida, distribuida, transmitida, copiada, comunicada p\u00fablicamente ni transformada, en todo o en parte mediante ning\u00fan sistema o m\u00e9todo manual, electr\u00f3nico o mec\u00e1nico (incluyendo el fotocopiado, grabaci\u00f3n o cualquier sistema de recuperaci\u00f3n y almacenamiento de informaci\u00f3n) a trav\u00e9s de cualquier soporte actualmente conocido o que se invente en el futuro, sin autorizaci\u00f3n de ADAPTA BUSINNES CONSULTING, S.L..Si la actuaci\u00f3n del usuario o su omisi\u00f3n culpable o negligente directa o indirectamente imputable origina la infracci\u00f3n de los derechos de propiedad intelectual e industrial de ADAPTA BUSINNES CONSULTING, S.L. o de terceros -exista o no beneficio para el usuario- originase a ADAPTA BUSINNES CONSULTING, S.L. da\u00f1os, p\u00e9rdidas, obligaciones solidarias, gastos de cualquier naturaleza, sanciones, medidas coercitivas, multas y otras cantidades surgidas o derivadas de cualquier reclamaci\u00f3n, demanda, acci\u00f3n, pleito o procedimiento, sea civil, penal o administrativo, de DATABOX tendr\u00e1 derecho a dirigirse contra el usuario por todos los medios legales a su alcance y reclamar cualesquiera cantidades indemnizatorias, incluyendo -a t\u00edtulo enunciativo y no limitativo- da\u00f1os morales e imagen, da\u00f1o emergente y lucro cesante, costes publicitarios o de cualquier otra \u00edndole que pudieran resultar para su reparaci\u00f3n, importes de sanciones o sentencias condenatorias, intereses de demora, el coste de la financiaci\u00f3n de todas las cantidades en que pudiera resultar perjudicada de ADAPTA BUSINNES CONSULTING, S.L. las costas judiciales y el importe de la defensa en cualquier proceso en el que pudieran resultar demandada de ADAPTA BUSINNES CONSULTING, S.L. por las causas anteriormente expuestas, por los da\u00f1os y perjuicios ocasionados por raz\u00f3n de su actuaci\u00f3n u omisi\u00f3n, sin perjuicio de ejercer cualesquiera otras acciones que en derecho nos corresponda.<\/p>\n<h3>7. Tratamiento de datos personales<\/h3>\n<p>ADAPTA BUSINNES CONSULTING, S.L. tiene establecida una pol\u00edtica de Protecci\u00f3n de Datos (Pol\u00edtica de Privacidad) que regula la recogida, almacenamiento, tratamiento y uso de los datos personales que el usuario facilite. En este sentido,ADAPTA BUSINNES CONSULTING, S.L. garantiza el cumplimiento por su parte de dicha pol\u00edtica que puede ser consultada por el usuario accediendo al enlace Pol\u00edtica de Privacidad que aparece en el men\u00fa inferior de los DOMINIOS DE ADAPTA BUSINNES CONSULTING, S.L..<\/p>\n<h3>8. Reserva de Derechos por ADAPTA BUSINNES CONSULTING, S.L.<\/h3>\n<p>ADAPTA BUSINNES CONSULTING, S.L. se reserva los siguientes derechos:<\/p>\n<ul>\n<li>Modificar total o parcialmente los DOMINIOS DE ADAPTA BUSINNES CONSULTING, S.L., su dise\u00f1o, contenidos y\/o servicios, as\u00ed como las presentes Condiciones de Uso cuando as\u00ed lo estime oportuno.<\/li>\n<li>Interrumpir, suspender temporalmente o cancelar definitivamente los DOMINIOS DE ADAPTA BUSINNES CONSULTING, S.L. o cualquiera de los contenidos y\/o servicios que lo integran, a su sola y entera discreci\u00f3n.<\/li>\n<li>Establecer condiciones particulares y, en su caso, la exigencia de un precio u otros requisitos para el acceso a determinados servicios y\/o contenidos del sitio web.<\/li>\n<li>Limitar, excluir o condicionar el acceso de los usuarios cuando no se den todas las garant\u00edas de utilizaci\u00f3n correcta del sitio por los mismos conforme a las obligaciones y prohibiciones asumidas por los mismos.<\/li>\n<li>Finalizar la prestaci\u00f3n de un servicio o suministro de un contenido, sin derecho a indemnizaci\u00f3n, cuando su utilizaci\u00f3n por los usuarios devenga il\u00edcito o contrario a lo establecido en las condiciones que lo regulan.<\/li>\n<li>Emprender cualquier acci\u00f3n legal o judicial que resulte conveniente para la protecci\u00f3n de los derechos de ADAPTA BUSINNES CONSULTING, S.L. como de terceros que presten sus servicios o contenidos a trav\u00e9s del sitio web, siempre que resulte procedente.<\/li>\n<li>Exigir la indemnizaci\u00f3n que pudiera derivar por el uso indebido o il\u00edcito de todo o parte de los servicios y contenidos prestados a trav\u00e9s del sitio web.<\/li>\n<\/ul>\n<h3>9. Exenci\u00f3n y limitaci\u00f3n de responsabilidad de ADAPTA BUSINNES CONSULTING, S.L.<\/h3>\n<p>AdeA queda exenta de cualquier tipo de responsabilidad por da\u00f1os y perjuicios de toda naturaleza en los siguientes casos:<\/p>\n<ul>\n<li>Por la imposibilidad o dificultades de conexi\u00f3n a la red de comunicaciones a trav\u00e9s de la que resultan accesibles el sitio web, independientemente de la clase de conexi\u00f3n que se utilice.<\/li>\n<li>Por la interrupci\u00f3n, suspensi\u00f3n o cancelaci\u00f3n del acceso al sitios web, as\u00ed como por disponibilidad y continuidad del funcionamiento de los mismos sus servicios y\/o contenidos, cuando ello se deba (i) bien a interrupci\u00f3n por servicios de mantenimiento t\u00e9cnico (ii) bien a una causa ajena al \u00e1mbito de control de ADAPTA BUSINNES CONSULTING, S.L. ya provenga directa o indirectamente de esta.<\/li>\n<li>AdeA no asume ninguna responsabilidad respecto de los servicios y contenidos, ni por la disponibilidad y condiciones, t\u00e9cnicas o no, de acceso a los mismos, que sean ofrecidos por terceros prestadores de servicios, en especial respecto de los prestadores de servicios de la sociedad de la informaci\u00f3n. Por prestadores de servicios de la sociedad de la informaci\u00f3n se entender\u00e1n aquellas personas f\u00edsicas o jur\u00eddicas que presten los siguientes servicios al p\u00fablico: (i) transmisi\u00f3n por una red de comunicaci\u00f3n de datos facilitados por el destinatario del servicio (ii) servicios de acceso a la citada red (iii) Servicios de almacenamiento o alojamiento de datos (iv) suministro de contenidos o informaci\u00f3n (v) servicio de copia temporal de los datos solicitados por los usuarios (vi) facilitaci\u00f3n de enlaces a contenidos o instrumentos de b\u00fasqueda.<\/li>\n<li>Por los da\u00f1os o perjuicios que pudieran causar la informaci\u00f3n, contenidos, productos y servicios -con car\u00e1cter delimitativo pero no limitativo- prestados, comunicados, alojados, transmitidos, exhibidos u ofertados por terceros ajenos a ADAPTA BUSINNES CONSULTING, S.L. -incluidos los prestadores de servicios la sociedad de la informaci\u00f3n- a trav\u00e9s del sitio web mediante enlaces publicados en los mismos.<\/li>\n<li>Del tratamiento y utilizaci\u00f3n posterior de datos personales realizados por terceros ajenos a ADAPTA BUSINNES CONSULTING, S.L. as\u00ed como la pertinencia de la informaci\u00f3n solicitada por \u00e9stos.<\/li>\n<li>De la calidad y velocidad de acceso al sitio web y de las condiciones t\u00e9cnicas que debe reunir el equipo del usuario con el fin de poder acceder al sitio web y a sus servicios y\/o contenidos.<\/li>\n<li>ADAPTA BUSINNES CONSULTING, S.L. no ser\u00e1 responsable de los retrasos o fallos que se produjeran en el acceso y\/o funcionamiento de los servicios y\/o contenidos de nuestros sitios web y m\u00f3viles, debido a un caso de fuerza mayor.<\/li>\n<\/ul>\n<h3>10. Hiperv\u00ednculos<\/h3>\n<p>ADAPTA BUSINNES CONSULTING, S.L. proh\u00edbe la utilizaci\u00f3n de v\u00ednculos de hipertexto sin permiso y la presentaci\u00f3n mediante marcos de los contenidos disponibles en los Sitios y Productos Online. En consecuencia, se reserva el derecho a inhabilitar tales elementos y declina expresamente toda la responsabilidad derivada de los contenidos disponibles en otros sitios web, servicios, herramientas o aplicaciones online vinculados a los sitios de los DOMINIOS DE ADAPTA BUSINNES CONSULTING, S.L. y sus servicios. As\u00ed pues, el usuario que acceda a cualquiera de ellos, lo har\u00e1 bajo su \u00fanica responsabilidad.<\/p>\n<h3>11. Uso de Cookies<\/h3>\n<p>Para obtener informaci\u00f3n acerca de los dispositivos de almacenamiento y recuperaci\u00f3n de datos en equipos terminales de los usuarios del sitio web de ADAPTA BUSINNES CONSULTING, S.L., el usuario puede visitar la correspondiente Pol\u00edtica de Cookies.<\/p>\n<h3>12. Publicaciones electr\u00f3nicas<\/h3>\n<p>ADAPTA BUSINNES CONSULTING, S.L. no tiene obligaci\u00f3n de examinar los mensajes, la informaci\u00f3n o los contenidos que los usuarios decidan divulgar mediante los Sitios y Productos Online y, en consecuencia, declina toda responsabilidad relacionada con tales publicaciones. Sin perjuicio de lo anterior AdeA se reserva el derecho a supervisar tales contenidos cuando lo estime oportuno, y a rechazar o retirar aquellas que incluyan:<\/p>\n<ul>\n<li>Contenidos il\u00edcitos, injuriosos, difamatorios, amenazadores, vulgares, obscenos, blasfemos, ofensivos, agresivos, violentos, discriminatorios (por motivos \u00e9tnicos o raciales) o censurables por cualquier otra raz\u00f3n, comprendidos, a t\u00edtulo orientativo pero no exhaustivo, aquellos contenidos que fomenten conductas que puedan incurrir en sanciones civiles o penales o que vulneren cualquier legislaci\u00f3n aplicable de \u00e1mbito local, nacional o internacional.<\/li>\n<li>Anuncios o peticiones de cualquier clase [salvo en aquellos sitios en los que se admita la publicaci\u00f3n de anuncios por palabras] Mensajes publicados bajo identidad falsa.<\/li>\n<li>Mensajes con datos de \u00edndole personal que revelen n\u00fameros de tel\u00e9fono, n\u00fameros de la Seguridad Social, n\u00fameros de cuenta, direcciones o referencias laborales.<\/li>\n<li>Mensajes publicados bajo identidad falsa atribuibles a representantes autorizados de ADAPTA BUSINNES CONSULTING, S.L..<\/li>\n<li>Mensajes que posibiliten la descarga il\u00edcita de informaci\u00f3n que vulnere la privacidad o la propiedad intelectual o industrial.<\/li>\n<li>Mensajes ubicados en carpetas individuales por el mismo usuario y que insistan de forma reiterada sobre el mismo argumento.<\/li>\n<li>Mensajes concatenados de cualquier tipo.<\/li>\n<\/ul>\n<h3>13. Legislaci\u00f3n aplicable y resoluci\u00f3n de conflictos<\/h3>\n<p>Las partes, renunciando expresamente a su propio fuero, aceptan como legislaci\u00f3n rectora de las presentes Condiciones de Uso la espa\u00f1ola, y para la resoluci\u00f3n de cuantas controversias o litigios pudieran derivarse de las mismas.<\/p>\n<\/div>\n<\/div>\n<\/div>\n<\/div>\n<p>[\/et_pb_text][\/et_pb_column][\/et_pb_row][\/et_pb_section]<\/p>\n","protected":false},"excerpt":{"rendered":"<p>Condiciones legales CONDICIONES DE USO 1. Definici\u00f3n de usuario El acceso y\/o el uso de www.adaptabc.es y todos sus subdominios, denominados todos ellos de aqu\u00ed en adelante DOMINIOS DE ADAPTA BUSINNES CONSULTING, S.L. otorga a quien lo realiza la condici\u00f3n de usuario del mismo, aceptando desde ese momento y sin reserva alguna las presentes Condiciones [&hellip;]<\/p>\n","protected":false},"author":1,"featured_media":0,"parent":0,"menu_order":0,"comment_status":"closed","ping_status":"closed","template":"","meta":{"_et_pb_use_builder":"on","_et_pb_old_content":"","_et_gb_content_width":"","_joinchat":[],"footnotes":""},"class_list":["post-171","page","type-page","status-publish","hentry"],"_links":{"self":[{"href":"https:\/\/adaptabc.es\/en\/wp-json\/wp\/v2\/pages\/171","targetHints":{"allow":["GET"]}}],"collection":[{"href":"https:\/\/adaptabc.es\/en\/wp-json\/wp\/v2\/pages"}],"about":[{"href":"https:\/\/adaptabc.es\/en\/wp-json\/wp\/v2\/types\/page"}],"author":[{"embeddable":true,"href":"https:\/\/adaptabc.es\/en\/wp-json\/wp\/v2\/users\/1"}],"replies":[{"embeddable":true,"href":"https:\/\/adaptabc.es\/en\/wp-json\/wp\/v2\/comments?post=171"}],"version-history":[{"count":6,"href":"https:\/\/adaptabc.es\/en\/wp-json\/wp\/v2\/pages\/171\/revisions"}],"predecessor-version":[{"id":779,"href":"https:\/\/adaptabc.es\/en\/wp-json\/wp\/v2\/pages\/171\/revisions\/779"}],"wp:attachment":[{"href":"https:\/\/adaptabc.es\/en\/wp-json\/wp\/v2\/media?parent=171"}],"curies":[{"name":"wp","href":"https:\/\/api.w.org\/{rel}","templated":true}]}}