{"id":135,"date":"2023-01-25T11:05:46","date_gmt":"2023-01-25T11:05:46","guid":{"rendered":"https:\/\/adaptabc.es\/?page_id=135"},"modified":"2023-01-26T08:06:43","modified_gmt":"2023-01-26T08:06:43","slug":"casos-de-exito","status":"publish","type":"page","link":"https:\/\/adaptabc.es\/en\/casos-de-exito","title":{"rendered":"Success stories"},"content":{"rendered":"<p>[et_pb_section fb_built=\u00bb1&#8243; _builder_version=\u00bb4.19.4&#8243; _module_preset=\u00bbdefault\u00bb global_colors_info=\u00bb{}\u00bb][et_pb_row _builder_version=\u00bb4.19.4&#8243; _module_preset=\u00bbdefault\u00bb][et_pb_column _builder_version=\u00bb4.19.4&#8243; _module_preset=\u00bbdefault\u00bb type=\u00bb4_4&#8243;][et_pb_text _builder_version=\u00bb4.19.4&#8243; _module_preset=\u00bbdefault\u00bb hover_enabled=\u00bb0&#8243; sticky_enabled=\u00bb0&#8243; header_font=\u00bbAbel|700|||||||\u00bb header_font_size=\u00bb32px\u00bb header_text_color=\u00bb#ee7200&#8243; text_font=\u00bbAbel||||||||\u00bb text_font_size=\u00bb17px\u00bb]<\/p>\n<h1>EXPERIENCIA<\/h1>\n<p>Llevamos m\u00e1s de 20 a\u00f1os trabajando en lo que m\u00e1s nos gusta: fomentar el emprendimiento y ayudar a las empresas a desarrollar sus proyectos de investigaci\u00f3n, desarrollo e innovaci\u00f3n. As\u00ed, hemos conseguido aportar nuestro granito de arena en la construcci\u00f3n de un mundo mejor, a trav\u00e9s de nuestros servicios de consultor\u00eda estrat\u00e9gica, gesti\u00f3n de proyectos, consultor\u00eda legal, incentivos fiscales y protecci\u00f3n de la propiedad intelectual.<\/p>\n<p>Esta dedicaci\u00f3n se traduce en m\u00e1s de 230 proyectos llevados a cabo con \u00e9xito, m\u00e1s de 6 pa\u00edses diferentes donde hemos colaborado con empresas e instituciones para fomentar la innovaci\u00f3n y el desarrollo de nuevas tecnolog\u00edas y productos, y 3 pa\u00edses donde contamos con presencia de nuestro equipo para ayudar a coordinar de manera m\u00e1s cercana y eficiente los esfuerzos conjuntos con nuestros clientes.<\/p>\n<p>Para complementar nuestros esfuerzos, dedicamos parte de nuestro tiempo al desarrollo de sinergias que permiten alimentar el ecosistema empresarial. As\u00ed, integramos en nuestro equipo a gente de todos los niveles de experiencia, creando oportunidades laborales para j\u00f3venes profesionales adem\u00e1s de perfiles senior, enriqueci\u00e9ndonos con lo mejor de cada persona. Adem\u00e1s, realizamos acciones educativas a trav\u00e9s de nuestros acuerdos de colaboraci\u00f3n con distintas instituciones; buscamos lograr el objetivo de hacer accesible la informaci\u00f3n para todos los p\u00fablicos y poner al alcance de tu mano lo que necesitas para sacarle el mayor partido a las estrategias de financiaci\u00f3n para tu negocio.<\/p>\n<p>[\/et_pb_text][\/et_pb_column][\/et_pb_row][et_pb_row _builder_version=\u00bb4.19.4&#8243; _module_preset=\u00bbdefault\u00bb column_structure=\u00bb1_5,1_5,1_5,1_5,1_5&#8243;][et_pb_column _builder_version=\u00bb4.19.4&#8243; _module_preset=\u00bbdefault\u00bb type=\u00bb1_5&#8243;][et_pb_number_counter title=\u00bbPROYECTOS GESTIONADOS\u00bb number=\u00bb260&#8243; _builder_version=\u00bb4.19.4&#8243; _module_preset=\u00bbdefault\u00bb percent_sign=\u00bboff\u00bb title_font=\u00bbAbel|700|||||||\u00bb number_font=\u00bbAbel||||||||\u00bb number_font_size=\u00bb78px\u00bb hover_enabled=\u00bb0&#8243; sticky_enabled=\u00bb0&#8243; number_text_color=\u00bb#ee7200&#8243;][\/et_pb_number_counter][\/et_pb_column][et_pb_column _builder_version=\u00bb4.19.4&#8243; _module_preset=\u00bbdefault\u00bb type=\u00bb1_5&#8243;][et_pb_number_counter title=\u00bbEMPRESAS\u00bb number=\u00bb230&#8243; _builder_version=\u00bb4.19.4&#8243; _module_preset=\u00bbdefault\u00bb percent_sign=\u00bboff\u00bb title_font=\u00bbAbel|700|||||||\u00bb number_font=\u00bbAbel||||||||\u00bb number_font_size=\u00bb78px\u00bb hover_enabled=\u00bb0&#8243; sticky_enabled=\u00bb0&#8243; number_text_color=\u00bb#ee7200&#8243;][\/et_pb_number_counter][\/et_pb_column][et_pb_column _builder_version=\u00bb4.19.4&#8243; _module_preset=\u00bbdefault\u00bb type=\u00bb1_5&#8243;][et_pb_number_counter title=\u00bbA\u00d1OS DE EXPERIENCIA\u00bb number=\u00bb20&#8243; _builder_version=\u00bb4.19.4&#8243; _module_preset=\u00bbdefault\u00bb percent_sign=\u00bboff\u00bb title_font=\u00bbAbel|700|||||||\u00bb number_font=\u00bbAbel||||||||\u00bb number_font_size=\u00bb78px\u00bb hover_enabled=\u00bb0&#8243; sticky_enabled=\u00bb0&#8243; number_text_color=\u00bb#ee7200&#8243;][\/et_pb_number_counter][\/et_pb_column][et_pb_column _builder_version=\u00bb4.19.4&#8243; _module_preset=\u00bbdefault\u00bb type=\u00bb1_5&#8243;][et_pb_number_counter title=\u00bbOFICINAS\u00bb number=\u00bb9&#8243; _builder_version=\u00bb4.19.4&#8243; _module_preset=\u00bbdefault\u00bb percent_sign=\u00bboff\u00bb title_font=\u00bbAbel|700|||||||\u00bb number_font=\u00bbAbel||||||||\u00bb number_font_size=\u00bb78px\u00bb hover_enabled=\u00bb0&#8243; sticky_enabled=\u00bb0&#8243; number_text_color=\u00bb#ee7200&#8243;][\/et_pb_number_counter][\/et_pb_column][et_pb_column _builder_version=\u00bb4.19.4&#8243; _module_preset=\u00bbdefault\u00bb type=\u00bb1_5&#8243;][et_pb_number_counter title=\u00bbPAISES\u00bb number=\u00bb6&#8243; _builder_version=\u00bb4.19.4&#8243; _module_preset=\u00bbdefault\u00bb percent_sign=\u00bboff\u00bb title_font=\u00bbAbel|700|||||||\u00bb number_font=\u00bbAbel||||||||\u00bb number_font_size=\u00bb78px\u00bb hover_enabled=\u00bb0&#8243; sticky_enabled=\u00bb0&#8243; number_text_color=\u00bb#ee7200&#8243;][\/et_pb_number_counter][\/et_pb_column][\/et_pb_row][et_pb_row _builder_version=\u00bb4.19.4&#8243; _module_preset=\u00bbdefault\u00bb][et_pb_column _builder_version=\u00bb4.19.4&#8243; _module_preset=\u00bbdefault\u00bb type=\u00bb4_4&#8243;][et_pb_text _builder_version=\u00bb4.19.4&#8243; _module_preset=\u00bbdefault\u00bb hover_enabled=\u00bb0&#8243; sticky_enabled=\u00bb0&#8243; header_font=\u00bbAbel|700|||||||\u00bb header_font_size=\u00bb32px\u00bb header_text_color=\u00bb#ee7200&#8243; text_font=\u00bbAbel||||||||\u00bb text_font_size=\u00bb17px\u00bb]<\/p>\n<h1>SECTORES<\/h1>\n<p>[\/et_pb_text][\/et_pb_column][\/et_pb_row][et_pb_row _builder_version=\u00bb4.19.4&#8243; _module_preset=\u00bbdefault\u00bb column_structure=\u00bb1_4,1_4,1_4,1_4&#8243;][et_pb_column _builder_version=\u00bb4.19.4&#8243; _module_preset=\u00bbdefault\u00bb type=\u00bb1_4&#8243;][et_pb_blurb title=\u00bbSALUD\u00bb _builder_version=\u00bb4.19.4&#8243; _module_preset=\u00bbdefault\u00bb use_icon=\u00bbon\u00bb font_icon=\u00bb&#xe030;||divi||400&#8243; icon_color=\u00bb#ee7200&#8243; hover_enabled=\u00bb0&#8243; sticky_enabled=\u00bb0&#8243; header_font=\u00bbAbel|700|||||||\u00bb header_text_align=\u00bbcenter\u00bb header_font_size=\u00bb30px\u00bb][\/et_pb_blurb][\/et_pb_column][et_pb_column _builder_version=\u00bb4.19.4&#8243; _module_preset=\u00bbdefault\u00bb type=\u00bb1_4&#8243;][et_pb_blurb title=\u00bbENERG\u00cdA\u00bb _builder_version=\u00bb4.19.4&#8243; _module_preset=\u00bbdefault\u00bb use_icon=\u00bbon\u00bb font_icon=\u00bb&#xe00a;||divi||400&#8243; icon_color=\u00bb#ee7200&#8243; hover_enabled=\u00bb0&#8243; sticky_enabled=\u00bb0&#8243; header_font=\u00bbAbel|700|||||||\u00bb header_text_align=\u00bbcenter\u00bb header_font_size=\u00bb30px\u00bb][\/et_pb_blurb][\/et_pb_column][et_pb_column _builder_version=\u00bb4.19.4&#8243; _module_preset=\u00bbdefault\u00bb type=\u00bb1_4&#8243;][et_pb_blurb title=\u00bbTURISMO\u00bb _builder_version=\u00bb4.19.4&#8243; _module_preset=\u00bbdefault\u00bb use_icon=\u00bbon\u00bb font_icon=\u00bb&#xe00f;||divi||400&#8243; icon_color=\u00bb#ee7200&#8243; hover_enabled=\u00bb0&#8243; sticky_enabled=\u00bb0&#8243; header_font=\u00bbAbel|700|||||||\u00bb header_text_align=\u00bbcenter\u00bb header_font_size=\u00bb30px\u00bb][\/et_pb_blurb][\/et_pb_column][et_pb_column _builder_version=\u00bb4.19.4&#8243; _module_preset=\u00bbdefault\u00bb type=\u00bb1_4&#8243;][et_pb_blurb title=\u00bbFUNDACIONES\u00bb _builder_version=\u00bb4.19.4&#8243; _module_preset=\u00bbdefault\u00bb use_icon=\u00bbon\u00bb font_icon=\u00bb&#xe102;||divi||400&#8243; icon_color=\u00bb#ee7200&#8243; hover_enabled=\u00bb0&#8243; sticky_enabled=\u00bb0&#8243; header_font=\u00bbAbel|700|||||||\u00bb header_text_align=\u00bbcenter\u00bb header_font_size=\u00bb30px\u00bb][\/et_pb_blurb][\/et_pb_column][\/et_pb_row][et_pb_row _builder_version=\u00bb4.19.4&#8243; _module_preset=\u00bbdefault\u00bb column_structure=\u00bb1_4,1_4,1_4,1_4&#8243;][et_pb_column _builder_version=\u00bb4.19.4&#8243; _module_preset=\u00bbdefault\u00bb type=\u00bb1_4&#8243;][et_pb_blurb title=\u00bbTECNOLOG\u00cdA\u00bb _builder_version=\u00bb4.19.4&#8243; _module_preset=\u00bbdefault\u00bb use_icon=\u00bbon\u00bb font_icon=\u00bb&#x49;||divi||400&#8243; icon_color=\u00bb#ee7200&#8243; hover_enabled=\u00bb0&#8243; sticky_enabled=\u00bb0&#8243; header_font=\u00bbAbel|700|||||||\u00bb header_text_align=\u00bbcenter\u00bb header_font_size=\u00bb30px\u00bb][\/et_pb_blurb][\/et_pb_column][et_pb_column _builder_version=\u00bb4.19.4&#8243; _module_preset=\u00bbdefault\u00bb type=\u00bb1_4&#8243;][et_pb_blurb title=\u00bbCOMERCIO\u00bb _builder_version=\u00bb4.19.4&#8243; _module_preset=\u00bbdefault\u00bb use_icon=\u00bbon\u00bb font_icon=\u00bb&#xe015;||divi||400&#8243; icon_color=\u00bb#ee7200&#8243; hover_enabled=\u00bb0&#8243; sticky_enabled=\u00bb0&#8243; header_font=\u00bbAbel|700|||||||\u00bb header_text_align=\u00bbcenter\u00bb header_font_size=\u00bb30px\u00bb][\/et_pb_blurb][\/et_pb_column][et_pb_column _builder_version=\u00bb4.19.4&#8243; _module_preset=\u00bbdefault\u00bb type=\u00bb1_4&#8243;][et_pb_blurb title=\u00bbINDUSTRIA\u00bb _builder_version=\u00bb4.19.4&#8243; _module_preset=\u00bbdefault\u00bb use_icon=\u00bbon\u00bb font_icon=\u00bb&#xe02b;||divi||400&#8243; icon_color=\u00bb#ee7200&#8243; hover_enabled=\u00bb0&#8243; sticky_enabled=\u00bb0&#8243; header_font=\u00bbAbel|700|||||||\u00bb header_text_align=\u00bbcenter\u00bb header_font_size=\u00bb30px\u00bb][\/et_pb_blurb][\/et_pb_column][et_pb_column _builder_version=\u00bb4.19.4&#8243; _module_preset=\u00bbdefault\u00bb type=\u00bb1_4&#8243;][et_pb_blurb title=\u00bbLEGAL\u00bb _builder_version=\u00bb4.19.4&#8243; _module_preset=\u00bbdefault\u00bb use_icon=\u00bbon\u00bb font_icon=\u00bb&#xe0ff;||divi||400&#8243; icon_color=\u00bb#ee7200&#8243; hover_enabled=\u00bb0&#8243; sticky_enabled=\u00bb0&#8243; header_font=\u00bbAbel|700|||||||\u00bb header_text_align=\u00bbcenter\u00bb header_font_size=\u00bb30px\u00bb][\/et_pb_blurb][\/et_pb_column][\/et_pb_row][\/et_pb_section]<\/p>\n","protected":false},"excerpt":{"rendered":"<p>EXPERIENCIA Llevamos m\u00e1s de 20 a\u00f1os trabajando en lo que m\u00e1s nos gusta: fomentar el emprendimiento y ayudar a las empresas a desarrollar sus proyectos de investigaci\u00f3n, desarrollo e innovaci\u00f3n. As\u00ed, hemos conseguido aportar nuestro granito de arena en la construcci\u00f3n de un mundo mejor, a trav\u00e9s de nuestros servicios de consultor\u00eda estrat\u00e9gica, gesti\u00f3n de [&hellip;]<\/p>\n","protected":false},"author":1,"featured_media":0,"parent":0,"menu_order":0,"comment_status":"closed","ping_status":"closed","template":"","meta":{"_et_pb_use_builder":"on","_et_pb_old_content":"","_et_gb_content_width":"","_joinchat":[],"footnotes":""},"class_list":["post-135","page","type-page","status-publish","hentry"],"_links":{"self":[{"href":"https:\/\/adaptabc.es\/en\/wp-json\/wp\/v2\/pages\/135","targetHints":{"allow":["GET"]}}],"collection":[{"href":"https:\/\/adaptabc.es\/en\/wp-json\/wp\/v2\/pages"}],"about":[{"href":"https:\/\/adaptabc.es\/en\/wp-json\/wp\/v2\/types\/page"}],"author":[{"embeddable":true,"href":"https:\/\/adaptabc.es\/en\/wp-json\/wp\/v2\/users\/1"}],"replies":[{"embeddable":true,"href":"https:\/\/adaptabc.es\/en\/wp-json\/wp\/v2\/comments?post=135"}],"version-history":[{"count":15,"href":"https:\/\/adaptabc.es\/en\/wp-json\/wp\/v2\/pages\/135\/revisions"}],"predecessor-version":[{"id":310,"href":"https:\/\/adaptabc.es\/en\/wp-json\/wp\/v2\/pages\/135\/revisions\/310"}],"wp:attachment":[{"href":"https:\/\/adaptabc.es\/en\/wp-json\/wp\/v2\/media?parent=135"}],"curies":[{"name":"wp","href":"https:\/\/api.w.org\/{rel}","templated":true}]}}