{"id":115,"date":"2023-01-25T10:51:08","date_gmt":"2023-01-25T10:51:08","guid":{"rendered":"https:\/\/adaptabc.es\/?page_id=115"},"modified":"2023-02-23T08:55:05","modified_gmt":"2023-02-23T08:55:05","slug":"financiacion","status":"publish","type":"page","link":"https:\/\/adaptabc.es\/en\/financiacion","title":{"rendered":"Financiaci\u00f3n"},"content":{"rendered":"<p>[et_pb_section fb_built=\u00bb1&#8243; _builder_version=\u00bb4.19.4&#8243; _module_preset=\u00bbdefault\u00bb custom_padding=\u00bb0px|||||\u00bb global_colors_info=\u00bb{}\u00bb][et_pb_row _builder_version=\u00bb4.19.4&#8243; _module_preset=\u00bbdefault\u00bb min_height=\u00bb12.4px\u00bb global_colors_info=\u00bb{}\u00bb][et_pb_column type=\u00bb4_4&#8243; _builder_version=\u00bb4.19.4&#8243; _module_preset=\u00bbdefault\u00bb global_colors_info=\u00bb{}\u00bb][et_pb_text _builder_version=\u00bb4.19.5&#8243; _module_preset=\u00bbdefault\u00bb text_font=\u00bbAbel||||||||\u00bb text_font_size=\u00bb18px\u00bb header_font=\u00bbAbel||||||||\u00bb header_font_size=\u00bb36px\u00bb header_2_font=\u00bbAbel|700|||||||\u00bb min_height=\u00bb22.8px\u00bb custom_padding=\u00bb||0px|||\u00bb global_colors_info=\u00bb{}\u00bb]<\/p>\n<p><a href=\"https:\/\/adaptabc.es\/\">inicio<\/a>&gt;<a href=\"https:\/\/adaptabc.es\/servicios\">Servicios<\/a> &gt; Financiaci\u00f3n<\/p>\n<p>[\/et_pb_text][\/et_pb_column][\/et_pb_row][et_pb_row _builder_version=\u00bb4.19.4&#8243; _module_preset=\u00bbdefault\u00bb global_colors_info=\u00bb{}\u00bb][et_pb_column type=\u00bb4_4&#8243; _builder_version=\u00bb4.19.4&#8243; _module_preset=\u00bbdefault\u00bb global_colors_info=\u00bb{}\u00bb][et_pb_text _builder_version=\u00bb4.19.4&#8243; _module_preset=\u00bbdefault\u00bb header_font=\u00bbAbel||||||||\u00bb header_font_size=\u00bb36px\u00bb header_2_font=\u00bbAbel|700|||||||\u00bb custom_margin=\u00bb-37px|||||\u00bb global_colors_info=\u00bb{}\u00bb]<\/p>\n<div class=\"et_pb_module et_pb_text et_pb_text_3  et_pb_text_align_left et_pb_bg_layout_light\">\n<div class=\"et_pb_text_inner\">\n<h1><b>Incentivos Fiscales<\/b><\/h1>\n<\/div>\n<\/div>\n<p>[\/et_pb_text][et_pb_divider divider_style=\u00bbdouble\u00bb divider_weight=\u00bb5px\u00bb _builder_version=\u00bb4.19.5&#8243; _module_preset=\u00bbdefault\u00bb width=\u00bb18%\u00bb custom_margin=\u00bb-19px||||false|false\u00bb global_colors_info=\u00bb{}\u00bb][\/et_pb_divider][\/et_pb_column][\/et_pb_row][et_pb_row column_structure=\u00bb1_3,1_3,1_3&#8243; _builder_version=\u00bb4.19.4&#8243; _module_preset=\u00bbdefault\u00bb global_colors_info=\u00bb{}\u00bb][et_pb_column type=\u00bb1_3&#8243; _builder_version=\u00bb4.19.4&#8243; _module_preset=\u00bbdefault\u00bb global_colors_info=\u00bb{}\u00bb][et_pb_blurb title=\u00bbDeduciones Fiscales I+D+i\u00bb url=\u00bb@ET-DC@eyJkeW5hbWljIjp0cnVlLCJjb250ZW50IjoicG9zdF9saW5rX3VybF9wYWdlIiwic2V0dGluZ3MiOnsicG9zdF9pZCI6IjQxOCJ9fQ==@\u00bb image=\u00bbhttps:\/\/adaptabc.es\/wp-content\/uploads\/2023\/01\/empresas.jpg\u00bb _builder_version=\u00bb4.19.5&#8243; _dynamic_attributes=\u00bburl\u00bb _module_preset=\u00bbdefault\u00bb hover_enabled=\u00bb0&#8243; locked=\u00bboff\u00bb global_colors_info=\u00bb{}\u00bb image_icon_background_color__hover_enabled=\u00bbon|desktop\u00bb child_filter_saturate__hover_enabled=\u00bbon|desktop\u00bb child_filter_saturate__hover=\u00bb100%\u00bb title_text=\u00bbempresas\u00bb sticky_enabled=\u00bb0&#8243;][\/et_pb_blurb][\/et_pb_column][et_pb_column type=\u00bb1_3&#8243; _builder_version=\u00bb4.19.4&#8243; _module_preset=\u00bbdefault\u00bb global_colors_info=\u00bb{}\u00bb][et_pb_blurb title=\u00bbBonificaci\u00f3n a la Seguridad Social por personal investigador\u00bb url=\u00bb@ET-DC@eyJkeW5hbWljIjp0cnVlLCJjb250ZW50IjoicG9zdF9saW5rX3VybF9wYWdlIiwic2V0dGluZ3MiOnsicG9zdF9pZCI6IjQ1NCJ9fQ==@\u00bb image=\u00bbhttps:\/\/adaptabc.es\/wp-content\/uploads\/2023\/01\/investigacion2.jpg\u00bb _builder_version=\u00bb4.19.5&#8243; _dynamic_attributes=\u00bburl\u00bb _module_preset=\u00bbdefault\u00bb locked=\u00bboff\u00bb global_colors_info=\u00bb{}\u00bb child_filter_saturate__hover_enabled=\u00bbon|hover\u00bb child_filter_saturate__hover=\u00bb100%\u00bb][\/et_pb_blurb][\/et_pb_column][et_pb_column type=\u00bb1_3&#8243; _builder_version=\u00bb4.19.4&#8243; _module_preset=\u00bbdefault\u00bb global_colors_info=\u00bb{}\u00bb][et_pb_blurb title=\u00bbPatent BOX\u00bb url=\u00bb@ET-DC@eyJkeW5hbWljIjp0cnVlLCJjb250ZW50IjoicG9zdF9saW5rX3VybF9wYWdlIiwic2V0dGluZ3MiOnsicG9zdF9pZCI6IjQ2MiJ9fQ==@\u00bb image=\u00bbhttps:\/\/adaptabc.es\/wp-content\/uploads\/2023\/01\/patenbox.jpg\u00bb _builder_version=\u00bb4.19.5&#8243; _dynamic_attributes=\u00bburl\u00bb _module_preset=\u00bbdefault\u00bb locked=\u00bboff\u00bb global_colors_info=\u00bb{}\u00bb child_filter_saturate__hover_enabled=\u00bbon|hover\u00bb child_filter_saturate__hover=\u00bb100%\u00bb][\/et_pb_blurb][\/et_pb_column][\/et_pb_row][\/et_pb_section][et_pb_section fb_built=\u00bb1&#8243; _builder_version=\u00bb4.19.4&#8243; _module_preset=\u00bbdefault\u00bb global_colors_info=\u00bb{}\u00bb][et_pb_row _builder_version=\u00bb4.19.4&#8243; _module_preset=\u00bbdefault\u00bb custom_margin=\u00bb-74px|auto||auto||\u00bb global_colors_info=\u00bb{}\u00bb][et_pb_column type=\u00bb4_4&#8243; _builder_version=\u00bb4.19.4&#8243; _module_preset=\u00bbdefault\u00bb global_colors_info=\u00bb{}\u00bb][et_pb_text _builder_version=\u00bb4.19.4&#8243; _module_preset=\u00bbdefault\u00bb header_font=\u00bbAbel|700|||||||\u00bb header_font_size=\u00bb36px\u00bb header_2_font=\u00bbAbel|700|||||||\u00bb global_colors_info=\u00bb{}\u00bb]<\/p>\n<h1>Financiaci\u00f3n Nacional<\/h1>\n<p>[\/et_pb_text][et_pb_divider divider_style=\u00bbdouble\u00bb divider_weight=\u00bb5px\u00bb _builder_version=\u00bb4.19.5&#8243; _module_preset=\u00bbdefault\u00bb width=\u00bb18%\u00bb custom_margin=\u00bb-19px||||false|false\u00bb global_colors_info=\u00bb{}\u00bb][\/et_pb_divider][\/et_pb_column][\/et_pb_row][et_pb_row column_structure=\u00bb1_4,1_4,1_4,1_4&#8243; _builder_version=\u00bb4.19.4&#8243; _module_preset=\u00bbdefault\u00bb global_colors_info=\u00bb{}\u00bb][et_pb_column type=\u00bb1_4&#8243; _builder_version=\u00bb4.19.4&#8243; _module_preset=\u00bbdefault\u00bb global_colors_info=\u00bb{}\u00bb][et_pb_blurb title=\u00bbProyectos de Innovaci\u00f3n Tecnmol\u00f3gica de CDTI: LIC y LIC A\u00bb url=\u00bb@ET-DC@eyJkeW5hbWljIjp0cnVlLCJjb250ZW50IjoicG9zdF9saW5rX3VybF9wYWdlIiwic2V0dGluZ3MiOnsicG9zdF9pZCI6IjQ3MCJ9fQ==@\u00bb image=\u00bbhttps:\/\/adaptabc.es\/wp-content\/uploads\/2023\/01\/cdti.jpg\u00bb _builder_version=\u00bb4.19.5&#8243; _dynamic_attributes=\u00bburl\u00bb _module_preset=\u00bbdefault\u00bb locked=\u00bboff\u00bb global_colors_info=\u00bb{}\u00bb child_filter_saturate__hover=\u00bb100%\u00bb child_filter_saturate__hover_enabled=\u00bbon|hover\u00bb][\/et_pb_blurb][\/et_pb_column][et_pb_column type=\u00bb1_4&#8243; _builder_version=\u00bb4.19.4&#8243; _module_preset=\u00bbdefault\u00bb global_colors_info=\u00bb{}\u00bb][et_pb_blurb title=\u00bbProyectos de Investigaci\u00f3n y Desarrollo (PID) de CDTI\u00bb url=\u00bb@ET-DC@eyJkeW5hbWljIjp0cnVlLCJjb250ZW50IjoicG9zdF9saW5rX3VybF9wYWdlIiwic2V0dGluZ3MiOnsicG9zdF9pZCI6IjQ4NSJ9fQ==@\u00bb image=\u00bbhttps:\/\/adaptabc.es\/wp-content\/uploads\/2023\/01\/investiga.jpg\u00bb _builder_version=\u00bb4.19.5&#8243; _dynamic_attributes=\u00bburl\u00bb _module_preset=\u00bbdefault\u00bb locked=\u00bboff\u00bb global_colors_info=\u00bb{}\u00bb child_filter_saturate__hover=\u00bb100%\u00bb child_filter_saturate__hover_enabled=\u00bbon|hover\u00bb][\/et_pb_blurb][\/et_pb_column][et_pb_column type=\u00bb1_4&#8243; _builder_version=\u00bb4.19.4&#8243; _module_preset=\u00bbdefault\u00bb global_colors_info=\u00bb{}\u00bb][et_pb_blurb title=\u00bbAgencia Estatal de Investigaci\u00f3n (AEI)\u00bb url=\u00bb@ET-DC@eyJkeW5hbWljIjp0cnVlLCJjb250ZW50IjoicG9zdF9saW5rX3VybF9wYWdlIiwic2V0dGluZ3MiOnsicG9zdF9pZCI6IjQ5MSJ9fQ==@\u00bb image=\u00bbhttps:\/\/adaptabc.es\/wp-content\/uploads\/2023\/01\/pid.jpg\u00bb _builder_version=\u00bb4.19.5&#8243; _dynamic_attributes=\u00bburl\u00bb _module_preset=\u00bbdefault\u00bb locked=\u00bboff\u00bb global_colors_info=\u00bb{}\u00bb child_filter_saturate__hover=\u00bb100%\u00bb child_filter_saturate__hover_enabled=\u00bbon|hover\u00bb][\/et_pb_blurb][\/et_pb_column][et_pb_column type=\u00bb1_4&#8243; _builder_version=\u00bb4.19.4&#8243; _module_preset=\u00bbdefault\u00bb global_colors_info=\u00bb{}\u00bb][et_pb_blurb title=\u00bbKit Digital\u00bb url=\u00bb@ET-DC@eyJkeW5hbWljIjp0cnVlLCJjb250ZW50IjoicG9zdF9saW5rX3VybF9wYWdlIiwic2V0dGluZ3MiOnsicG9zdF9pZCI6IjQ5NCJ9fQ==@\u00bb image=\u00bbhttps:\/\/adaptabc.es\/wp-content\/uploads\/2023\/01\/kit2.jpg\u00bb alt=\u00bbkit\u00bb _builder_version=\u00bb4.19.5&#8243; _dynamic_attributes=\u00bburl\u00bb _module_preset=\u00bbdefault\u00bb locked=\u00bboff\u00bb global_colors_info=\u00bb{}\u00bb child_filter_saturate__hover=\u00bb100%\u00bb child_filter_saturate__hover_enabled=\u00bbon|hover\u00bb][\/et_pb_blurb][\/et_pb_column][\/et_pb_row][\/et_pb_section][et_pb_section fb_built=\u00bb1&#8243; _builder_version=\u00bb4.19.4&#8243; _module_preset=\u00bbdefault\u00bb custom_padding=\u00bb1px|||||\u00bb global_colors_info=\u00bb{}\u00bb][et_pb_row _builder_version=\u00bb4.19.4&#8243; _module_preset=\u00bbdefault\u00bb global_colors_info=\u00bb{}\u00bb][et_pb_column type=\u00bb4_4&#8243; _builder_version=\u00bb4.19.4&#8243; _module_preset=\u00bbdefault\u00bb global_colors_info=\u00bb{}\u00bb][et_pb_text _builder_version=\u00bb4.19.4&#8243; _module_preset=\u00bbdefault\u00bb header_font=\u00bbAbel|700|||||||\u00bb header_font_size=\u00bb32px\u00bb global_colors_info=\u00bb{}\u00bb]<\/p>\n<h1>Financiaci\u00f3n privada<\/h1>\n<p>[\/et_pb_text][et_pb_divider divider_style=\u00bbdouble\u00bb divider_weight=\u00bb5px\u00bb _builder_version=\u00bb4.19.5&#8243; _module_preset=\u00bbdefault\u00bb width=\u00bb18%\u00bb custom_margin=\u00bb-19px||||false|false\u00bb global_colors_info=\u00bb{}\u00bb][\/et_pb_divider][\/et_pb_column][\/et_pb_row][et_pb_row column_structure=\u00bb1_3,1_3,1_3&#8243; _builder_version=\u00bb4.19.4&#8243; _module_preset=\u00bbdefault\u00bb global_colors_info=\u00bb{}\u00bb][et_pb_column type=\u00bb1_3&#8243; _builder_version=\u00bb4.19.4&#8243; _module_preset=\u00bbdefault\u00bb global_colors_info=\u00bb{}\u00bb][et_pb_blurb title=\u00bbCrypto LaunchPad\u00bb url=\u00bb@ET-DC@eyJkeW5hbWljIjp0cnVlLCJjb250ZW50IjoicG9zdF9saW5rX3VybF9wYWdlIiwic2V0dGluZ3MiOnsicG9zdF9pZCI6IjQ5OSJ9fQ==@\u00bb image=\u00bbhttps:\/\/adaptabc.es\/wp-content\/uploads\/2023\/01\/launchpad.jpg\u00bb alt=\u00bblaunchpad<br \/>\n\u00bb _builder_version=\u00bb4.19.5&#8243; _dynamic_attributes=\u00bburl\u00bb _module_preset=\u00bbdefault\u00bb locked=\u00bboff\u00bb global_colors_info=\u00bb{}\u00bb child_filter_saturate__hover=\u00bb100%\u00bb child_filter_saturate__hover_enabled=\u00bbon|hover\u00bb][\/et_pb_blurb][\/et_pb_column][et_pb_column type=\u00bb1_3&#8243; _builder_version=\u00bb4.19.4&#8243; _module_preset=\u00bbdefault\u00bb global_colors_info=\u00bb{}\u00bb][et_pb_blurb title=\u00bbSOY Empresa\u00bb url=\u00bb@ET-DC@eyJkeW5hbWljIjp0cnVlLCJjb250ZW50IjoicG9zdF9saW5rX3VybF9wYWdlIiwic2V0dGluZ3MiOnsicG9zdF9pZCI6IjUwNCJ9fQ==@\u00bb image=\u00bbhttps:\/\/adaptabc.es\/wp-content\/uploads\/2023\/01\/empresas.jpg\u00bb alt=\u00bbempresas<br \/>\n\u00bb _builder_version=\u00bb4.19.5&#8243; _dynamic_attributes=\u00bburl\u00bb _module_preset=\u00bbdefault\u00bb locked=\u00bboff\u00bb global_colors_info=\u00bb{}\u00bb child_filter_saturate__hover=\u00bb100%\u00bb child_filter_saturate__hover_enabled=\u00bbon|hover\u00bb][\/et_pb_blurb][\/et_pb_column][et_pb_column type=\u00bb1_3&#8243; _builder_version=\u00bb4.19.4&#8243; _module_preset=\u00bbdefault\u00bb global_colors_info=\u00bb{}\u00bb][et_pb_blurb title=\u00bbSOY Inversor\u00bb url=\u00bb@ET-DC@eyJkeW5hbWljIjp0cnVlLCJjb250ZW50IjoicG9zdF9saW5rX3VybF9wYWdlIiwic2V0dGluZ3MiOnsicG9zdF9pZCI6IjUwOCJ9fQ==@\u00bb image=\u00bbhttps:\/\/adaptabc.es\/wp-content\/uploads\/2023\/01\/inversores.jpg\u00bb alt=\u00bbinversores\u00bb _builder_version=\u00bb4.19.5&#8243; _dynamic_attributes=\u00bburl\u00bb _module_preset=\u00bbdefault\u00bb locked=\u00bboff\u00bb global_colors_info=\u00bb{}\u00bb child_filter_saturate__hover=\u00bb100%\u00bb child_filter_saturate__hover_enabled=\u00bbon|hover\u00bb][\/et_pb_blurb][\/et_pb_column][\/et_pb_row][\/et_pb_section]<\/p>\n","protected":false},"excerpt":{"rendered":"<p>inicio&gt;Servicios &gt; Financiaci\u00f3n Incentivos Fiscales Financiaci\u00f3n NacionalFinanciaci\u00f3n privada<\/p>","protected":false},"author":1,"featured_media":0,"parent":0,"menu_order":0,"comment_status":"closed","ping_status":"closed","template":"","meta":{"_et_pb_use_builder":"on","_et_pb_old_content":"","_et_gb_content_width":"","_joinchat":[],"footnotes":""},"class_list":["post-115","page","type-page","status-publish","hentry"],"_links":{"self":[{"href":"https:\/\/adaptabc.es\/en\/wp-json\/wp\/v2\/pages\/115","targetHints":{"allow":["GET"]}}],"collection":[{"href":"https:\/\/adaptabc.es\/en\/wp-json\/wp\/v2\/pages"}],"about":[{"href":"https:\/\/adaptabc.es\/en\/wp-json\/wp\/v2\/types\/page"}],"author":[{"embeddable":true,"href":"https:\/\/adaptabc.es\/en\/wp-json\/wp\/v2\/users\/1"}],"replies":[{"embeddable":true,"href":"https:\/\/adaptabc.es\/en\/wp-json\/wp\/v2\/comments?post=115"}],"version-history":[{"count":38,"href":"https:\/\/adaptabc.es\/en\/wp-json\/wp\/v2\/pages\/115\/revisions"}],"predecessor-version":[{"id":631,"href":"https:\/\/adaptabc.es\/en\/wp-json\/wp\/v2\/pages\/115\/revisions\/631"}],"wp:attachment":[{"href":"https:\/\/adaptabc.es\/en\/wp-json\/wp\/v2\/media?parent=115"}],"curies":[{"name":"wp","href":"https:\/\/api.w.org\/{rel}","templated":true}]}}